{"id":1170,"date":"2024-03-02T15:41:05","date_gmt":"2024-03-02T15:41:05","guid":{"rendered":"https:\/\/foliedujour.com\/?page_id=1170"},"modified":"2024-03-08T16:27:50","modified_gmt":"2024-03-08T16:27:50","slug":"chats-costumes","status":"publish","type":"page","link":"https:\/\/foliedujour.com\/en\/chats-costumes\/","title":{"rendered":"Costumed cats"},"content":{"rendered":"<div data-elementor-type=\"wp-page\" data-elementor-id=\"1170\" class=\"elementor elementor-1170\" data-elementor-post-type=\"page\">\n\t\t\t\t\t\t<section class=\"elementor-section elementor-top-section elementor-element elementor-element-6cba1fb elementor-section-boxed elementor-section-height-default elementor-section-height-default\" data-id=\"6cba1fb\" data-element_type=\"section\" data-e-type=\"section\">\n\t\t\t\t\t\t<div class=\"elementor-container elementor-column-gap-default\">\n\t\t\t\t\t<div class=\"elementor-column elementor-col-100 elementor-top-column elementor-element elementor-element-95658ba\" data-id=\"95658ba\" data-element_type=\"column\" data-e-type=\"column\">\n\t\t\t<div class=\"elementor-widget-wrap elementor-element-populated\">\n\t\t\t\t\t\t<div class=\"elementor-element elementor-element-c52bc87 elementor-widget elementor-widget-spacer\" data-id=\"c52bc87\" data-element_type=\"widget\" data-e-type=\"widget\" data-widget_type=\"spacer.default\">\n\t\t\t\t<div class=\"elementor-widget-container\">\n\t\t\t\t\t\t\t<div class=\"elementor-spacer\">\n\t\t\t<div class=\"elementor-spacer-inner\"><\/div>\n\t\t<\/div>\n\t\t\t\t\t\t<\/div>\n\t\t\t\t<\/div>\n\t\t\t\t<div class=\"elementor-element elementor-element-d97951e elementor-widget elementor-widget-heading\" data-id=\"d97951e\" data-element_type=\"widget\" data-e-type=\"widget\" data-widget_type=\"heading.default\">\n\t\t\t\t<div class=\"elementor-widget-container\">\n\t\t\t\t\t<h2 class=\"elementor-heading-title elementor-size-default\">Costumed cats<\/h2>\t\t\t\t<\/div>\n\t\t\t\t<\/div>\n\t\t\t\t<section class=\"elementor-section elementor-inner-section elementor-element elementor-element-47660b7 elementor-section-boxed elementor-section-height-default elementor-section-height-default\" data-id=\"47660b7\" data-element_type=\"section\" data-e-type=\"section\">\n\t\t\t\t\t\t<div class=\"elementor-container elementor-column-gap-default\">\n\t\t\t\t\t<div class=\"elementor-column elementor-col-50 elementor-inner-column elementor-element elementor-element-a3f17be\" data-id=\"a3f17be\" data-element_type=\"column\" data-e-type=\"column\">\n\t\t\t<div class=\"elementor-widget-wrap elementor-element-populated\">\n\t\t\t\t\t\t<div class=\"elementor-element elementor-element-8e2f60c elementor-widget elementor-widget-text-editor\" data-id=\"8e2f60c\" data-element_type=\"widget\" data-e-type=\"widget\" data-widget_type=\"text-editor.default\">\n\t\t\t\t<div class=\"elementor-widget-container\">\n\t\t\t\t\t\t\t\t\t<p>Series of costumed cat illustrations, because why not?<\/p><p>Below is a series from two years ago;<\/p>\t\t\t\t\t\t\t\t<\/div>\n\t\t\t\t<\/div>\n\t\t\t\t<div class=\"elementor-element elementor-element-ef701ee elementor-widget elementor-widget-spacer\" data-id=\"ef701ee\" data-element_type=\"widget\" data-e-type=\"widget\" data-widget_type=\"spacer.default\">\n\t\t\t\t<div class=\"elementor-widget-container\">\n\t\t\t\t\t\t\t<div class=\"elementor-spacer\">\n\t\t\t<div class=\"elementor-spacer-inner\"><\/div>\n\t\t<\/div>\n\t\t\t\t\t\t<\/div>\n\t\t\t\t<\/div>\n\t\t\t\t<div class=\"elementor-element elementor-element-77b9f2d elementor-widget elementor-widget-image\" data-id=\"77b9f2d\" data-element_type=\"widget\" data-e-type=\"widget\" data-widget_type=\"image.default\">\n\t\t\t\t<div class=\"elementor-widget-container\">\n\t\t\t\t\t\t\t\t\t\t\t\t\t\t\t<img fetchpriority=\"high\" decoding=\"async\" width=\"800\" height=\"534\" src=\"https:\/\/foliedujour.com\/wp-content\/uploads\/2024\/03\/poster-decor-chat-1-1024x683.jpg\" class=\"attachment-large size-large wp-image-1174\" alt=\"\" srcset=\"https:\/\/foliedujour.com\/wp-content\/uploads\/2024\/03\/poster-decor-chat-1-1024x683.jpg 1024w, https:\/\/foliedujour.com\/wp-content\/uploads\/2024\/03\/poster-decor-chat-1-300x200.jpg 300w, https:\/\/foliedujour.com\/wp-content\/uploads\/2024\/03\/poster-decor-chat-1-768x512.jpg 768w, https:\/\/foliedujour.com\/wp-content\/uploads\/2024\/03\/poster-decor-chat-1-1536x1024.jpg 1536w, https:\/\/foliedujour.com\/wp-content\/uploads\/2024\/03\/poster-decor-chat-1-2048x1365.jpg 2048w, https:\/\/foliedujour.com\/wp-content\/uploads\/2024\/03\/poster-decor-chat-1-18x12.jpg 18w, https:\/\/foliedujour.com\/wp-content\/uploads\/2024\/03\/poster-decor-chat-1-scaled-e1709912449809.jpg 1500w\" sizes=\"(max-width: 800px) 100vw, 800px\" \/>\t\t\t\t\t\t\t\t\t\t\t\t\t\t\t<\/div>\n\t\t\t\t<\/div>\n\t\t\t\t\t<\/div>\n\t\t<\/div>\n\t\t\t\t<div class=\"elementor-column elementor-col-50 elementor-inner-column elementor-element elementor-element-67ffb35\" data-id=\"67ffb35\" data-element_type=\"column\" data-e-type=\"column\">\n\t\t\t<div class=\"elementor-widget-wrap elementor-element-populated\">\n\t\t\t\t\t\t<div class=\"elementor-element elementor-element-e25d3fb elementor-widget elementor-widget-image\" data-id=\"e25d3fb\" data-element_type=\"widget\" data-e-type=\"widget\" data-widget_type=\"image.default\">\n\t\t\t\t<div class=\"elementor-widget-container\">\n\t\t\t\t\t\t\t\t\t\t\t\t\t\t\t<img decoding=\"async\" width=\"800\" height=\"739\" src=\"https:\/\/foliedujour.com\/wp-content\/uploads\/2024\/03\/Costume_Chat_1-1024x946.jpg\" class=\"attachment-large size-large wp-image-1030\" alt=\"\" srcset=\"https:\/\/foliedujour.com\/wp-content\/uploads\/2024\/03\/Costume_Chat_1-1024x946.jpg 1024w, https:\/\/foliedujour.com\/wp-content\/uploads\/2024\/03\/Costume_Chat_1-300x277.jpg 300w, https:\/\/foliedujour.com\/wp-content\/uploads\/2024\/03\/Costume_Chat_1-768x710.jpg 768w, https:\/\/foliedujour.com\/wp-content\/uploads\/2024\/03\/Costume_Chat_1-1536x1419.jpg 1536w, https:\/\/foliedujour.com\/wp-content\/uploads\/2024\/03\/Costume_Chat_1-2048x1892.jpg 2048w, https:\/\/foliedujour.com\/wp-content\/uploads\/2024\/03\/Costume_Chat_1-13x12.jpg 13w, https:\/\/foliedujour.com\/wp-content\/uploads\/2024\/03\/Costume_Chat_1-scaled-e1709911530175.jpg 1000w\" sizes=\"(max-width: 800px) 100vw, 800px\" \/>\t\t\t\t\t\t\t\t\t\t\t\t\t\t\t<\/div>\n\t\t\t\t<\/div>\n\t\t\t\t\t<\/div>\n\t\t<\/div>\n\t\t\t\t\t<\/div>\n\t\t<\/section>\n\t\t\t\t<div class=\"elementor-element elementor-element-d152fb2 elementor-widget elementor-widget-image\" data-id=\"d152fb2\" data-element_type=\"widget\" data-e-type=\"widget\" data-widget_type=\"image.default\">\n\t\t\t\t<div class=\"elementor-widget-container\">\n\t\t\t\t\t\t\t\t\t\t\t\t\t\t\t<img decoding=\"async\" width=\"800\" height=\"262\" src=\"https:\/\/foliedujour.com\/wp-content\/uploads\/2024\/03\/Chat-deguisement-1024x335.png\" class=\"attachment-large size-large wp-image-1172\" alt=\"\" srcset=\"https:\/\/foliedujour.com\/wp-content\/uploads\/2024\/03\/Chat-deguisement-1024x335.png 1024w, https:\/\/foliedujour.com\/wp-content\/uploads\/2024\/03\/Chat-deguisement-300x98.png 300w, https:\/\/foliedujour.com\/wp-content\/uploads\/2024\/03\/Chat-deguisement-768x251.png 768w, https:\/\/foliedujour.com\/wp-content\/uploads\/2024\/03\/Chat-deguisement-1536x503.png 1536w, https:\/\/foliedujour.com\/wp-content\/uploads\/2024\/03\/Chat-deguisement-2048x670.png 2048w, https:\/\/foliedujour.com\/wp-content\/uploads\/2024\/03\/Chat-deguisement-18x6.png 18w\" sizes=\"(max-width: 800px) 100vw, 800px\" \/>\t\t\t\t\t\t\t\t\t\t\t\t\t\t\t<\/div>\n\t\t\t\t<\/div>\n\t\t\t\t<div class=\"elementor-element elementor-element-583adc1 elementor-post-navigation-borders-yes elementor-widget elementor-widget-post-navigation\" data-id=\"583adc1\" data-element_type=\"widget\" data-e-type=\"widget\" data-widget_type=\"post-navigation.default\">\n\t\t\t\t<div class=\"elementor-widget-container\">\n\t\t\t\t\t\t\t<div class=\"elementor-post-navigation\" role=\"navigation\" aria-label=\"Post Navigation\">\n\t\t\t<div class=\"elementor-post-navigation__prev elementor-post-navigation__link\">\n\t\t\t\t<a href=\"https:\/\/foliedujour.com\/en\/culture-japonaise\/\" rel=\"prev\"><span class=\"post-navigation__arrow-wrapper post-navigation__arrow-prev\"><i aria-hidden=\"true\" class=\"fas fa-angle-left\"><\/i><span class=\"elementor-screen-only\">Prev<\/span><\/span><span class=\"elementor-post-navigation__link__prev\"><span class=\"post-navigation__prev--label\"><\/span><span class=\"post-navigation__prev--title\">Japanese culture<\/span><\/span><\/a>\t\t\t<\/div>\n\t\t\t\t\t\t\t<div class=\"elementor-post-navigation__separator-wrapper\">\n\t\t\t\t\t<div class=\"elementor-post-navigation__separator\"><\/div>\n\t\t\t\t<\/div>\n\t\t\t\t\t\t<div class=\"elementor-post-navigation__next elementor-post-navigation__link\">\n\t\t\t\t<a href=\"https:\/\/foliedujour.com\/en\/packaging-japonais\/\" rel=\"next\"><span class=\"elementor-post-navigation__link__next\"><span class=\"post-navigation__next--label\"><\/span><span class=\"post-navigation__next--title\">Packagings Japonais<\/span><\/span><span class=\"post-navigation__arrow-wrapper post-navigation__arrow-next\"><i aria-hidden=\"true\" class=\"fas fa-angle-right\"><\/i><span class=\"elementor-screen-only\">Next<\/span><\/span><\/a>\t\t\t<\/div>\n\t\t<\/div>\n\t\t\t\t\t\t<\/div>\n\t\t\t\t<\/div>\n\t\t\t\t\t<\/div>\n\t\t<\/div>\n\t\t\t\t\t<\/div>\n\t\t<\/section>\n\t\t\t\t<\/div>","protected":false},"excerpt":{"rendered":"<p>CHATS COSTUM\u00c9S S\u00e9rie d&rsquo;illustrations de chats costum\u00e9s, parce que, pourquoi pas ? Ci-dessous, une s\u00e9rie datant d&rsquo;il y a deux ans;<\/p>","protected":false},"author":1,"featured_media":0,"parent":0,"menu_order":0,"comment_status":"closed","ping_status":"closed","template":"","meta":{"footnotes":""},"class_list":["post-1170","page","type-page","status-publish","hentry"],"_links":{"self":[{"href":"https:\/\/foliedujour.com\/en\/wp-json\/wp\/v2\/pages\/1170","targetHints":{"allow":["GET"]}}],"collection":[{"href":"https:\/\/foliedujour.com\/en\/wp-json\/wp\/v2\/pages"}],"about":[{"href":"https:\/\/foliedujour.com\/en\/wp-json\/wp\/v2\/types\/page"}],"author":[{"embeddable":true,"href":"https:\/\/foliedujour.com\/en\/wp-json\/wp\/v2\/users\/1"}],"replies":[{"embeddable":true,"href":"https:\/\/foliedujour.com\/en\/wp-json\/wp\/v2\/comments?post=1170"}],"version-history":[{"count":4,"href":"https:\/\/foliedujour.com\/en\/wp-json\/wp\/v2\/pages\/1170\/revisions"}],"predecessor-version":[{"id":1177,"href":"https:\/\/foliedujour.com\/en\/wp-json\/wp\/v2\/pages\/1170\/revisions\/1177"}],"wp:attachment":[{"href":"https:\/\/foliedujour.com\/en\/wp-json\/wp\/v2\/media?parent=1170"}],"curies":[{"name":"wp","href":"https:\/\/api.w.org\/{rel}","templated":true}]}}