{"id":1178,"date":"2024-03-03T15:43:21","date_gmt":"2024-03-03T15:43:21","guid":{"rendered":"https:\/\/foliedujour.com\/?page_id=1178"},"modified":"2025-09-26T10:38:47","modified_gmt":"2025-09-26T10:38:47","slug":"packaging-japonais","status":"publish","type":"page","link":"https:\/\/foliedujour.com\/en\/packaging-japonais\/","title":{"rendered":"Packagings Japonais"},"content":{"rendered":"<div data-elementor-type=\"wp-page\" data-elementor-id=\"1178\" class=\"elementor elementor-1178\" data-elementor-post-type=\"page\">\n\t\t\t\t\t\t<section class=\"elementor-section elementor-top-section elementor-element elementor-element-04700ce elementor-section-boxed elementor-section-height-default elementor-section-height-default\" data-id=\"04700ce\" data-element_type=\"section\" data-e-type=\"section\">\n\t\t\t\t\t\t<div class=\"elementor-container elementor-column-gap-default\">\n\t\t\t\t\t<div class=\"elementor-column elementor-col-100 elementor-top-column elementor-element elementor-element-6463b89\" data-id=\"6463b89\" data-element_type=\"column\" data-e-type=\"column\">\n\t\t\t<div class=\"elementor-widget-wrap elementor-element-populated\">\n\t\t\t\t\t\t<div class=\"elementor-element elementor-element-77cef4f elementor-widget elementor-widget-spacer\" data-id=\"77cef4f\" data-element_type=\"widget\" data-e-type=\"widget\" data-widget_type=\"spacer.default\">\n\t\t\t\t<div class=\"elementor-widget-container\">\n\t\t\t\t\t\t\t<div class=\"elementor-spacer\">\n\t\t\t<div class=\"elementor-spacer-inner\"><\/div>\n\t\t<\/div>\n\t\t\t\t\t\t<\/div>\n\t\t\t\t<\/div>\n\t\t\t\t<div class=\"elementor-element elementor-element-9ab0fe3 elementor-widget elementor-widget-heading\" data-id=\"9ab0fe3\" data-element_type=\"widget\" data-e-type=\"widget\" data-widget_type=\"heading.default\">\n\t\t\t\t<div class=\"elementor-widget-container\">\n\t\t\t\t\t<h2 class=\"elementor-heading-title elementor-size-default\"><a href=\"http:\/\/ponais\">Packagings Japonais<\/a><\/h2>\t\t\t\t<\/div>\n\t\t\t\t<\/div>\n\t\t\t\t<div class=\"elementor-element elementor-element-1064b82 elementor-widget elementor-widget-text-editor\" data-id=\"1064b82\" data-element_type=\"widget\" data-e-type=\"widget\" data-widget_type=\"text-editor.default\">\n\t\t\t\t<div class=\"elementor-widget-container\">\n\t\t\t\t\t\t\t\t\t<p>Creation of packaging illustrations reflecting the aesthetics of Japanese products.<\/p>\t\t\t\t\t\t\t\t<\/div>\n\t\t\t\t<\/div>\n\t\t\t\t<section class=\"elementor-section elementor-inner-section elementor-element elementor-element-7493584 elementor-section-boxed elementor-section-height-default elementor-section-height-default\" data-id=\"7493584\" data-element_type=\"section\" data-e-type=\"section\">\n\t\t\t\t\t\t<div class=\"elementor-container elementor-column-gap-default\">\n\t\t\t\t\t<div class=\"elementor-column elementor-col-50 elementor-inner-column elementor-element elementor-element-f893a1c\" data-id=\"f893a1c\" data-element_type=\"column\" data-e-type=\"column\">\n\t\t\t<div class=\"elementor-widget-wrap elementor-element-populated\">\n\t\t\t\t\t\t<div class=\"elementor-element elementor-element-d81af90 elementor-widget elementor-widget-text-editor\" data-id=\"d81af90\" data-element_type=\"widget\" data-e-type=\"widget\" data-widget_type=\"text-editor.default\">\n\t\t\t\t<div class=\"elementor-widget-container\">\n\t\t\t\t\t\t\t\t\t<p class=\"translation-block\">Pocky is a cookie made in Japan. The first version of Pocky was sold in 1965, under the name Chocoteck, and consisted of a thin, bar-shaped cookie covered in chocolate icing.\n\nPocky immediately had a huge success with young people<\/p><p>Le\u00a0<i>Pocky<\/i>\u00a0immediately had a huge success with young people<\/p>\t\t\t\t\t\t\t\t<\/div>\n\t\t\t\t<\/div>\n\t\t\t\t<div class=\"elementor-element elementor-element-38edd0e elementor-widget__width-initial elementor-widget elementor-widget-image\" data-id=\"38edd0e\" data-element_type=\"widget\" data-e-type=\"widget\" data-widget_type=\"image.default\">\n\t\t\t\t<div class=\"elementor-widget-container\">\n\t\t\t\t\t\t\t\t\t\t\t\t\t\t\t<img fetchpriority=\"high\" decoding=\"async\" width=\"604\" height=\"1200\" src=\"https:\/\/foliedujour.com\/wp-content\/uploads\/2024\/03\/s-l1200.webp\" class=\"attachment-medium_large size-medium_large wp-image-1181\" alt=\"\" srcset=\"https:\/\/foliedujour.com\/wp-content\/uploads\/2024\/03\/s-l1200.webp 604w, https:\/\/foliedujour.com\/wp-content\/uploads\/2024\/03\/s-l1200-151x300.webp 151w, https:\/\/foliedujour.com\/wp-content\/uploads\/2024\/03\/s-l1200-515x1024.webp 515w, https:\/\/foliedujour.com\/wp-content\/uploads\/2024\/03\/s-l1200-6x12.webp 6w\" sizes=\"(max-width: 604px) 100vw, 604px\" \/>\t\t\t\t\t\t\t\t\t\t\t\t\t\t\t<\/div>\n\t\t\t\t<\/div>\n\t\t\t\t\t<\/div>\n\t\t<\/div>\n\t\t\t\t<div class=\"elementor-column elementor-col-50 elementor-inner-column elementor-element elementor-element-762b888\" data-id=\"762b888\" data-element_type=\"column\" data-e-type=\"column\">\n\t\t\t<div class=\"elementor-widget-wrap elementor-element-populated\">\n\t\t\t\t\t\t<div class=\"elementor-element elementor-element-86a3310 elementor-widget elementor-widget-image\" data-id=\"86a3310\" data-element_type=\"widget\" data-e-type=\"widget\" data-widget_type=\"image.default\">\n\t\t\t\t<div class=\"elementor-widget-container\">\n\t\t\t\t\t\t\t\t\t\t\t\t\t\t\t<img decoding=\"async\" width=\"800\" height=\"800\" src=\"https:\/\/foliedujour.com\/wp-content\/uploads\/2024\/03\/pocky-ensemble-1024x1024.jpg\" class=\"attachment-large size-large wp-image-1180\" alt=\"\" srcset=\"https:\/\/foliedujour.com\/wp-content\/uploads\/2024\/03\/pocky-ensemble-1024x1024.jpg 1024w, https:\/\/foliedujour.com\/wp-content\/uploads\/2024\/03\/pocky-ensemble-300x300.jpg 300w, https:\/\/foliedujour.com\/wp-content\/uploads\/2024\/03\/pocky-ensemble-150x150.jpg 150w, https:\/\/foliedujour.com\/wp-content\/uploads\/2024\/03\/pocky-ensemble-768x768.jpg 768w, https:\/\/foliedujour.com\/wp-content\/uploads\/2024\/03\/pocky-ensemble-12x12.jpg 12w, https:\/\/foliedujour.com\/wp-content\/uploads\/2024\/03\/pocky-ensemble.jpg 1500w\" sizes=\"(max-width: 800px) 100vw, 800px\" \/>\t\t\t\t\t\t\t\t\t\t\t\t\t\t\t<\/div>\n\t\t\t\t<\/div>\n\t\t\t\t\t<\/div>\n\t\t<\/div>\n\t\t\t\t\t<\/div>\n\t\t<\/section>\n\t\t\t\t<section class=\"elementor-section elementor-inner-section elementor-element elementor-element-b0ffdbe elementor-section-boxed elementor-section-height-default elementor-section-height-default\" data-id=\"b0ffdbe\" data-element_type=\"section\" data-e-type=\"section\">\n\t\t\t\t\t\t<div class=\"elementor-container elementor-column-gap-default\">\n\t\t\t\t\t<div class=\"elementor-column elementor-col-33 elementor-inner-column elementor-element elementor-element-580632a\" data-id=\"580632a\" data-element_type=\"column\" data-e-type=\"column\">\n\t\t\t<div class=\"elementor-widget-wrap elementor-element-populated\">\n\t\t\t\t\t\t<div class=\"elementor-element elementor-element-36949cc elementor-widget elementor-widget-image\" data-id=\"36949cc\" data-element_type=\"widget\" data-e-type=\"widget\" data-widget_type=\"image.default\">\n\t\t\t\t<div class=\"elementor-widget-container\">\n\t\t\t\t\t\t\t\t\t\t\t\t\t\t\t<img decoding=\"async\" width=\"732\" height=\"732\" src=\"https:\/\/foliedujour.com\/wp-content\/uploads\/2024\/03\/pocky-fraise-detail.jpg\" class=\"attachment-large size-large wp-image-1188\" alt=\"\" srcset=\"https:\/\/foliedujour.com\/wp-content\/uploads\/2024\/03\/pocky-fraise-detail.jpg 732w, https:\/\/foliedujour.com\/wp-content\/uploads\/2024\/03\/pocky-fraise-detail-300x300.jpg 300w, https:\/\/foliedujour.com\/wp-content\/uploads\/2024\/03\/pocky-fraise-detail-150x150.jpg 150w, https:\/\/foliedujour.com\/wp-content\/uploads\/2024\/03\/pocky-fraise-detail-12x12.jpg 12w\" sizes=\"(max-width: 732px) 100vw, 732px\" \/>\t\t\t\t\t\t\t\t\t\t\t\t\t\t\t<\/div>\n\t\t\t\t<\/div>\n\t\t\t\t\t<\/div>\n\t\t<\/div>\n\t\t\t\t<div class=\"elementor-column elementor-col-33 elementor-inner-column elementor-element elementor-element-860539c\" data-id=\"860539c\" data-element_type=\"column\" data-e-type=\"column\">\n\t\t\t<div class=\"elementor-widget-wrap elementor-element-populated\">\n\t\t\t\t\t\t<div class=\"elementor-element elementor-element-4760d63 elementor-widget elementor-widget-image\" data-id=\"4760d63\" data-element_type=\"widget\" data-e-type=\"widget\" data-widget_type=\"image.default\">\n\t\t\t\t<div class=\"elementor-widget-container\">\n\t\t\t\t\t\t\t\t\t\t\t\t\t\t\t<img loading=\"lazy\" decoding=\"async\" width=\"800\" height=\"800\" src=\"https:\/\/foliedujour.com\/wp-content\/uploads\/2024\/03\/pocky-detail.jpg\" class=\"attachment-large size-large wp-image-1187\" alt=\"\" srcset=\"https:\/\/foliedujour.com\/wp-content\/uploads\/2024\/03\/pocky-detail.jpg 808w, https:\/\/foliedujour.com\/wp-content\/uploads\/2024\/03\/pocky-detail-300x300.jpg 300w, https:\/\/foliedujour.com\/wp-content\/uploads\/2024\/03\/pocky-detail-150x150.jpg 150w, https:\/\/foliedujour.com\/wp-content\/uploads\/2024\/03\/pocky-detail-768x768.jpg 768w, https:\/\/foliedujour.com\/wp-content\/uploads\/2024\/03\/pocky-detail-12x12.jpg 12w\" sizes=\"(max-width: 800px) 100vw, 800px\" \/>\t\t\t\t\t\t\t\t\t\t\t\t\t\t\t<\/div>\n\t\t\t\t<\/div>\n\t\t\t\t\t<\/div>\n\t\t<\/div>\n\t\t\t\t<div class=\"elementor-column elementor-col-33 elementor-inner-column elementor-element elementor-element-76e1b0f\" data-id=\"76e1b0f\" data-element_type=\"column\" data-e-type=\"column\">\n\t\t\t<div class=\"elementor-widget-wrap elementor-element-populated\">\n\t\t\t\t\t\t<div class=\"elementor-element elementor-element-feb87d2 elementor-widget elementor-widget-image\" data-id=\"feb87d2\" data-element_type=\"widget\" data-e-type=\"widget\" data-widget_type=\"image.default\">\n\t\t\t\t<div class=\"elementor-widget-container\">\n\t\t\t\t\t\t\t\t\t\t\t\t\t\t\t<img loading=\"lazy\" decoding=\"async\" width=\"800\" height=\"800\" src=\"https:\/\/foliedujour.com\/wp-content\/uploads\/2024\/03\/pocky-matcha-detail.jpg\" class=\"attachment-large size-large wp-image-1189\" alt=\"\" srcset=\"https:\/\/foliedujour.com\/wp-content\/uploads\/2024\/03\/pocky-matcha-detail.jpg 848w, https:\/\/foliedujour.com\/wp-content\/uploads\/2024\/03\/pocky-matcha-detail-300x300.jpg 300w, https:\/\/foliedujour.com\/wp-content\/uploads\/2024\/03\/pocky-matcha-detail-150x150.jpg 150w, https:\/\/foliedujour.com\/wp-content\/uploads\/2024\/03\/pocky-matcha-detail-768x768.jpg 768w, https:\/\/foliedujour.com\/wp-content\/uploads\/2024\/03\/pocky-matcha-detail-12x12.jpg 12w\" sizes=\"(max-width: 800px) 100vw, 800px\" \/>\t\t\t\t\t\t\t\t\t\t\t\t\t\t\t<\/div>\n\t\t\t\t<\/div>\n\t\t\t\t\t<\/div>\n\t\t<\/div>\n\t\t\t\t\t<\/div>\n\t\t<\/section>\n\t\t\t\t<div class=\"elementor-element elementor-element-5206e25 elementor-widget-divider--view-line elementor-widget elementor-widget-divider\" data-id=\"5206e25\" data-element_type=\"widget\" data-e-type=\"widget\" data-widget_type=\"divider.default\">\n\t\t\t\t<div class=\"elementor-widget-container\">\n\t\t\t\t\t\t\t<div class=\"elementor-divider\">\n\t\t\t<span class=\"elementor-divider-separator\">\n\t\t\t\t\t\t<\/span>\n\t\t<\/div>\n\t\t\t\t\t\t<\/div>\n\t\t\t\t<\/div>\n\t\t\t\t<section class=\"elementor-section elementor-inner-section elementor-element elementor-element-e7f3a3b elementor-section-boxed elementor-section-height-default elementor-section-height-default\" data-id=\"e7f3a3b\" data-element_type=\"section\" data-e-type=\"section\">\n\t\t\t\t\t\t<div class=\"elementor-container elementor-column-gap-default\">\n\t\t\t\t\t<div class=\"elementor-column elementor-col-50 elementor-inner-column elementor-element elementor-element-0fd3e22\" data-id=\"0fd3e22\" data-element_type=\"column\" data-e-type=\"column\">\n\t\t\t<div class=\"elementor-widget-wrap elementor-element-populated\">\n\t\t\t\t\t\t<div class=\"elementor-element elementor-element-9cb6316 elementor-widget elementor-widget-heading\" data-id=\"9cb6316\" data-element_type=\"widget\" data-e-type=\"widget\" data-widget_type=\"heading.default\">\n\t\t\t\t<div class=\"elementor-widget-container\">\n\t\t\t\t\t<h2 class=\"elementor-heading-title elementor-size-default\">\ud83c\udf67\ud83d\udc27 Kakigori<\/h2>\t\t\t\t<\/div>\n\t\t\t\t<\/div>\n\t\t\t\t<div class=\"elementor-element elementor-element-8f6d5fe elementor-widget elementor-widget-text-editor\" data-id=\"8f6d5fe\" data-element_type=\"widget\" data-e-type=\"widget\" data-widget_type=\"text-editor.default\">\n\t\t\t\t<div class=\"elementor-widget-container\">\n\t\t\t\t\t\t\t\t\t<p class=\"translation-block\">It's almost kakigoris season!<br>These are Japanese desserts made from grated ice over which syrup is poured.<\/p>\t\t\t\t\t\t\t\t<\/div>\n\t\t\t\t<\/div>\n\t\t\t\t<div class=\"elementor-element elementor-element-ea279e4 elementor-widget elementor-widget-image\" data-id=\"ea279e4\" data-element_type=\"widget\" data-e-type=\"widget\" data-widget_type=\"image.default\">\n\t\t\t\t<div class=\"elementor-widget-container\">\n\t\t\t\t\t\t\t\t\t\t\t\t\t\t\t<img loading=\"lazy\" decoding=\"async\" width=\"800\" height=\"738\" src=\"https:\/\/foliedujour.com\/wp-content\/uploads\/2024\/03\/kakigori.jpg\" class=\"attachment-large size-large wp-image-1185\" alt=\"\" srcset=\"https:\/\/foliedujour.com\/wp-content\/uploads\/2024\/03\/kakigori.jpg 1000w, https:\/\/foliedujour.com\/wp-content\/uploads\/2024\/03\/kakigori-300x277.jpg 300w, https:\/\/foliedujour.com\/wp-content\/uploads\/2024\/03\/kakigori-768x708.jpg 768w, https:\/\/foliedujour.com\/wp-content\/uploads\/2024\/03\/kakigori-13x12.jpg 13w\" sizes=\"(max-width: 800px) 100vw, 800px\" \/>\t\t\t\t\t\t\t\t\t\t\t\t\t\t\t<\/div>\n\t\t\t\t<\/div>\n\t\t\t\t\t<\/div>\n\t\t<\/div>\n\t\t\t\t<div class=\"elementor-column elementor-col-50 elementor-inner-column elementor-element elementor-element-33096a5\" data-id=\"33096a5\" data-element_type=\"column\" data-e-type=\"column\">\n\t\t\t<div class=\"elementor-widget-wrap elementor-element-populated\">\n\t\t\t\t\t\t<div class=\"elementor-element elementor-element-81f3757 elementor-widget elementor-widget-image\" data-id=\"81f3757\" data-element_type=\"widget\" data-e-type=\"widget\" data-widget_type=\"image.default\">\n\t\t\t\t<div class=\"elementor-widget-container\">\n\t\t\t\t\t\t\t\t\t\t\t\t\t\t\t<img loading=\"lazy\" decoding=\"async\" width=\"800\" height=\"800\" src=\"https:\/\/foliedujour.com\/wp-content\/uploads\/2022\/06\/kakigori4-scaled-e1658735253495-1024x1024.jpg\" class=\"attachment-large size-large wp-image-214\" alt=\"\" srcset=\"https:\/\/foliedujour.com\/wp-content\/uploads\/2022\/06\/kakigori4-scaled-e1658735253495-1024x1024.jpg 1024w, https:\/\/foliedujour.com\/wp-content\/uploads\/2022\/06\/kakigori4-scaled-e1658735253495-300x300.jpg 300w, https:\/\/foliedujour.com\/wp-content\/uploads\/2022\/06\/kakigori4-scaled-e1658735253495-150x150.jpg 150w, https:\/\/foliedujour.com\/wp-content\/uploads\/2022\/06\/kakigori4-scaled-e1658735253495-768x768.jpg 768w, https:\/\/foliedujour.com\/wp-content\/uploads\/2022\/06\/kakigori4-scaled-e1658735253495.jpg 1080w\" sizes=\"(max-width: 800px) 100vw, 800px\" \/>\t\t\t\t\t\t\t\t\t\t\t\t\t\t\t<\/div>\n\t\t\t\t<\/div>\n\t\t\t\t\t<\/div>\n\t\t<\/div>\n\t\t\t\t\t<\/div>\n\t\t<\/section>\n\t\t\t\t<section class=\"elementor-section elementor-inner-section elementor-element elementor-element-6b0810b elementor-section-boxed elementor-section-height-default elementor-section-height-default\" data-id=\"6b0810b\" data-element_type=\"section\" data-e-type=\"section\">\n\t\t\t\t\t\t<div class=\"elementor-container elementor-column-gap-default\">\n\t\t\t\t\t<div class=\"elementor-column elementor-col-50 elementor-inner-column elementor-element elementor-element-edad1db\" data-id=\"edad1db\" data-element_type=\"column\" data-e-type=\"column\">\n\t\t\t<div class=\"elementor-widget-wrap elementor-element-populated\">\n\t\t\t\t\t\t<div class=\"elementor-element elementor-element-a5c5b2d elementor-widget elementor-widget-image\" data-id=\"a5c5b2d\" data-element_type=\"widget\" data-e-type=\"widget\" data-widget_type=\"image.default\">\n\t\t\t\t<div class=\"elementor-widget-container\">\n\t\t\t\t\t\t\t\t\t\t\t\t\t\t\t<img loading=\"lazy\" decoding=\"async\" width=\"800\" height=\"1000\" src=\"https:\/\/foliedujour.com\/wp-content\/uploads\/2022\/06\/bouteille-lait2-819x1024.jpg\" class=\"attachment-large size-large wp-image-16\" alt=\"\" srcset=\"https:\/\/foliedujour.com\/wp-content\/uploads\/2022\/06\/bouteille-lait2-819x1024.jpg 819w, https:\/\/foliedujour.com\/wp-content\/uploads\/2022\/06\/bouteille-lait2-scaled-e1654857783732-240x300.jpg 240w, https:\/\/foliedujour.com\/wp-content\/uploads\/2022\/06\/bouteille-lait2-scaled-e1654857783732-768x960.jpg 768w, https:\/\/foliedujour.com\/wp-content\/uploads\/2022\/06\/bouteille-lait2-1229x1536.jpg 1229w, https:\/\/foliedujour.com\/wp-content\/uploads\/2022\/06\/bouteille-lait2-1639x2048.jpg 1639w, https:\/\/foliedujour.com\/wp-content\/uploads\/2022\/06\/bouteille-lait2-scaled-e1654857783732.jpg 800w\" sizes=\"(max-width: 800px) 100vw, 800px\" \/>\t\t\t\t\t\t\t\t\t\t\t\t\t\t\t<\/div>\n\t\t\t\t<\/div>\n\t\t\t\t\t<\/div>\n\t\t<\/div>\n\t\t\t\t<div class=\"elementor-column elementor-col-50 elementor-inner-column elementor-element elementor-element-3d96850\" data-id=\"3d96850\" data-element_type=\"column\" data-e-type=\"column\">\n\t\t\t<div class=\"elementor-widget-wrap elementor-element-populated\">\n\t\t\t\t\t\t<div class=\"elementor-element elementor-element-89cab02 elementor-widget elementor-widget-image\" data-id=\"89cab02\" data-element_type=\"widget\" data-e-type=\"widget\" data-widget_type=\"image.default\">\n\t\t\t\t<div class=\"elementor-widget-container\">\n\t\t\t\t\t\t\t\t\t\t\t\t\t\t\t<img loading=\"lazy\" decoding=\"async\" width=\"800\" height=\"1000\" src=\"https:\/\/foliedujour.com\/wp-content\/uploads\/2022\/06\/bouteille-jus-orange2-819x1024.jpg\" class=\"attachment-large size-large wp-image-15\" alt=\"\" srcset=\"https:\/\/foliedujour.com\/wp-content\/uploads\/2022\/06\/bouteille-jus-orange2-819x1024.jpg 819w, https:\/\/foliedujour.com\/wp-content\/uploads\/2022\/06\/bouteille-jus-orange2-scaled-e1654857616241-240x300.jpg 240w, https:\/\/foliedujour.com\/wp-content\/uploads\/2022\/06\/bouteille-jus-orange2-scaled-e1654857616241-768x960.jpg 768w, https:\/\/foliedujour.com\/wp-content\/uploads\/2022\/06\/bouteille-jus-orange2-1229x1536.jpg 1229w, https:\/\/foliedujour.com\/wp-content\/uploads\/2022\/06\/bouteille-jus-orange2-1639x2048.jpg 1639w, https:\/\/foliedujour.com\/wp-content\/uploads\/2022\/06\/bouteille-jus-orange2-scaled-e1654857616241.jpg 800w\" sizes=\"(max-width: 800px) 100vw, 800px\" \/>\t\t\t\t\t\t\t\t\t\t\t\t\t\t\t<\/div>\n\t\t\t\t<\/div>\n\t\t\t\t\t<\/div>\n\t\t<\/div>\n\t\t\t\t\t<\/div>\n\t\t<\/section>\n\t\t\t\t<div class=\"elementor-element elementor-element-ed9f67c elementor-post-navigation-borders-yes elementor-widget elementor-widget-post-navigation\" data-id=\"ed9f67c\" data-element_type=\"widget\" data-e-type=\"widget\" data-widget_type=\"post-navigation.default\">\n\t\t\t\t<div class=\"elementor-widget-container\">\n\t\t\t\t\t\t\t<div class=\"elementor-post-navigation\" role=\"navigation\" aria-label=\"Post Navigation\">\n\t\t\t<div class=\"elementor-post-navigation__prev elementor-post-navigation__link\">\n\t\t\t\t<a href=\"https:\/\/foliedujour.com\/en\/chats-costumes\/\" rel=\"prev\"><span class=\"post-navigation__arrow-wrapper post-navigation__arrow-prev\"><i aria-hidden=\"true\" class=\"fas fa-angle-left\"><\/i><span class=\"elementor-screen-only\">Prev<\/span><\/span><span class=\"elementor-post-navigation__link__prev\"><span class=\"post-navigation__prev--label\"><\/span><span class=\"post-navigation__prev--title\">Costumed cats<\/span><\/span><\/a>\t\t\t<\/div>\n\t\t\t\t\t\t\t<div class=\"elementor-post-navigation__separator-wrapper\">\n\t\t\t\t\t<div class=\"elementor-post-navigation__separator\"><\/div>\n\t\t\t\t<\/div>\n\t\t\t\t\t\t<div class=\"elementor-post-navigation__next elementor-post-navigation__link\">\n\t\t\t\t<a href=\"https:\/\/foliedujour.com\/en\/takoyaki-storefront\/\" rel=\"next\"><span class=\"elementor-post-navigation__link__next\"><span class=\"post-navigation__next--label\"><\/span><span class=\"post-navigation__next--title\">Magasins japonais<\/span><\/span><span class=\"post-navigation__arrow-wrapper post-navigation__arrow-next\"><i aria-hidden=\"true\" class=\"fas fa-angle-right\"><\/i><span class=\"elementor-screen-only\">Next<\/span><\/span><\/a>\t\t\t<\/div>\n\t\t<\/div>\n\t\t\t\t\t\t<\/div>\n\t\t\t\t<\/div>\n\t\t\t\t\t<\/div>\n\t\t<\/div>\n\t\t\t\t\t<\/div>\n\t\t<\/section>\n\t\t\t\t<\/div>","protected":false},"excerpt":{"rendered":"<p>Packagings Japonais R\u00e9alisation d&rsquo;illustrations de packaging reprenant l&rsquo;esth\u00e9tisme des produits Japonais. Pocky est un\u00a0biscuit fabriqu\u00e9\u00a0au\u00a0Japon. La premi\u00e8re version de\u00a0Pocky\u00a0fut vendue en\u00a01965, sous le nom\u00a0Chocoteck, et consistait en un biscuit fin et en forme de barre recouvert d&rsquo;un gla\u00e7age au chocolat. Le\u00a0Pocky\u00a0a tout de suite eu un succ\u00e8s \u00e9norme aupr\u00e8s des jeunes \ud83c\udf67\ud83d\udc27 Kakigori C&rsquo;est bient\u00f4t [&hellip;]<\/p>\n","protected":false},"author":1,"featured_media":15,"parent":0,"menu_order":0,"comment_status":"closed","ping_status":"closed","template":"","meta":{"footnotes":""},"class_list":["post-1178","page","type-page","status-publish","has-post-thumbnail","hentry"],"_links":{"self":[{"href":"https:\/\/foliedujour.com\/en\/wp-json\/wp\/v2\/pages\/1178","targetHints":{"allow":["GET"]}}],"collection":[{"href":"https:\/\/foliedujour.com\/en\/wp-json\/wp\/v2\/pages"}],"about":[{"href":"https:\/\/foliedujour.com\/en\/wp-json\/wp\/v2\/types\/page"}],"author":[{"embeddable":true,"href":"https:\/\/foliedujour.com\/en\/wp-json\/wp\/v2\/users\/1"}],"replies":[{"embeddable":true,"href":"https:\/\/foliedujour.com\/en\/wp-json\/wp\/v2\/comments?post=1178"}],"version-history":[{"count":11,"href":"https:\/\/foliedujour.com\/en\/wp-json\/wp\/v2\/pages\/1178\/revisions"}],"predecessor-version":[{"id":1597,"href":"https:\/\/foliedujour.com\/en\/wp-json\/wp\/v2\/pages\/1178\/revisions\/1597"}],"wp:featuredmedia":[{"embeddable":true,"href":"https:\/\/foliedujour.com\/en\/wp-json\/wp\/v2\/media\/15"}],"wp:attachment":[{"href":"https:\/\/foliedujour.com\/en\/wp-json\/wp\/v2\/media?parent=1178"}],"curies":[{"name":"wp","href":"https:\/\/api.w.org\/{rel}","templated":true}]}}