{"id":1358,"date":"2025-08-23T10:10:07","date_gmt":"2025-08-23T10:10:07","guid":{"rendered":"https:\/\/foliedujour.com\/?page_id=1358"},"modified":"2025-12-11T14:37:33","modified_gmt":"2025-12-11T14:37:33","slug":"sirenes-cirque","status":"publish","type":"page","link":"https:\/\/foliedujour.com\/en\/sirenes-cirque\/","title":{"rendered":"Sir\u00e8nes artistes de cirque"},"content":{"rendered":"<div data-elementor-type=\"wp-page\" data-elementor-id=\"1358\" class=\"elementor elementor-1358\" data-elementor-post-type=\"page\">\n\t\t\t\t\t\t<section class=\"elementor-section elementor-top-section elementor-element elementor-element-7d80db3 elementor-section-boxed elementor-section-height-default elementor-section-height-default\" data-id=\"7d80db3\" data-element_type=\"section\" data-e-type=\"section\">\n\t\t\t\t\t\t<div class=\"elementor-container elementor-column-gap-default\">\n\t\t\t\t\t<div class=\"elementor-column elementor-col-100 elementor-top-column elementor-element elementor-element-04e6507\" data-id=\"04e6507\" data-element_type=\"column\" data-e-type=\"column\">\n\t\t\t<div class=\"elementor-widget-wrap elementor-element-populated\">\n\t\t\t\t\t\t<div class=\"elementor-element elementor-element-e1f6eb3 elementor-widget elementor-widget-spacer\" data-id=\"e1f6eb3\" data-element_type=\"widget\" data-e-type=\"widget\" data-widget_type=\"spacer.default\">\n\t\t\t\t<div class=\"elementor-widget-container\">\n\t\t\t\t\t\t\t<div class=\"elementor-spacer\">\n\t\t\t<div class=\"elementor-spacer-inner\"><\/div>\n\t\t<\/div>\n\t\t\t\t\t\t<\/div>\n\t\t\t\t<\/div>\n\t\t\t\t<div class=\"elementor-element elementor-element-00caae4 elementor-widget elementor-widget-heading\" data-id=\"00caae4\" data-element_type=\"widget\" data-e-type=\"widget\" data-widget_type=\"heading.default\">\n\t\t\t\t<div class=\"elementor-widget-container\">\n\t\t\t\t\t<h2 class=\"elementor-heading-title elementor-size-default\">Sir\u00e8nes artistes de cirque<\/h2>\t\t\t\t<\/div>\n\t\t\t\t<\/div>\n\t\t\t\t<div class=\"elementor-element elementor-element-0755280 elementor-widget elementor-widget-text-editor\" data-id=\"0755280\" data-element_type=\"widget\" data-e-type=\"widget\" data-widget_type=\"text-editor.default\">\n\t\t\t\t<div class=\"elementor-widget-container\">\n\t\t\t\t\t\t\t\t\t<p>Illustrations personnelles repr\u00e9sentant des sir\u00e8nes en artistes de cirque : jongleuse, contorsionniste et dresseuse de poissons<\/p>\t\t\t\t\t\t\t\t<\/div>\n\t\t\t\t<\/div>\n\t\t\t\t<div class=\"elementor-element elementor-element-376b17b elementor-widget elementor-widget-image\" data-id=\"376b17b\" data-element_type=\"widget\" data-e-type=\"widget\" data-widget_type=\"image.default\">\n\t\t\t\t<div class=\"elementor-widget-container\">\n\t\t\t\t\t\t\t\t\t\t\t\t\t\t\t<img fetchpriority=\"high\" decoding=\"async\" width=\"800\" height=\"800\" src=\"https:\/\/foliedujour.com\/wp-content\/uploads\/2025\/08\/Jongleuse-1024x1024.webp\" class=\"attachment-large size-large wp-image-1362\" alt=\"\" srcset=\"https:\/\/foliedujour.com\/wp-content\/uploads\/2025\/08\/Jongleuse-1024x1024.webp 1024w, https:\/\/foliedujour.com\/wp-content\/uploads\/2025\/08\/Jongleuse-300x300.webp 300w, https:\/\/foliedujour.com\/wp-content\/uploads\/2025\/08\/Jongleuse-150x150.webp 150w, https:\/\/foliedujour.com\/wp-content\/uploads\/2025\/08\/Jongleuse-768x768.webp 768w, https:\/\/foliedujour.com\/wp-content\/uploads\/2025\/08\/Jongleuse-12x12.webp 12w, https:\/\/foliedujour.com\/wp-content\/uploads\/2025\/08\/Jongleuse.webp 1080w\" sizes=\"(max-width: 800px) 100vw, 800px\" \/>\t\t\t\t\t\t\t\t\t\t\t\t\t\t\t<\/div>\n\t\t\t\t<\/div>\n\t\t\t\t<div class=\"elementor-element elementor-element-9806d0b elementor-widget elementor-widget-image\" data-id=\"9806d0b\" data-element_type=\"widget\" data-e-type=\"widget\" data-widget_type=\"image.default\">\n\t\t\t\t<div class=\"elementor-widget-container\">\n\t\t\t\t\t\t\t\t\t\t\t\t\t\t\t<img decoding=\"async\" width=\"800\" height=\"800\" src=\"https:\/\/foliedujour.com\/wp-content\/uploads\/2025\/08\/Dresseuse-de-poissons-1024x1024.webp\" class=\"attachment-large size-large wp-image-1361\" alt=\"\" srcset=\"https:\/\/foliedujour.com\/wp-content\/uploads\/2025\/08\/Dresseuse-de-poissons-1024x1024.webp 1024w, https:\/\/foliedujour.com\/wp-content\/uploads\/2025\/08\/Dresseuse-de-poissons-300x300.webp 300w, https:\/\/foliedujour.com\/wp-content\/uploads\/2025\/08\/Dresseuse-de-poissons-150x150.webp 150w, https:\/\/foliedujour.com\/wp-content\/uploads\/2025\/08\/Dresseuse-de-poissons-768x768.webp 768w, https:\/\/foliedujour.com\/wp-content\/uploads\/2025\/08\/Dresseuse-de-poissons-12x12.webp 12w, https:\/\/foliedujour.com\/wp-content\/uploads\/2025\/08\/Dresseuse-de-poissons.webp 1080w\" sizes=\"(max-width: 800px) 100vw, 800px\" \/>\t\t\t\t\t\t\t\t\t\t\t\t\t\t\t<\/div>\n\t\t\t\t<\/div>\n\t\t\t\t<div class=\"elementor-element elementor-element-61f9891 elementor-widget elementor-widget-image\" data-id=\"61f9891\" data-element_type=\"widget\" data-e-type=\"widget\" data-widget_type=\"image.default\">\n\t\t\t\t<div class=\"elementor-widget-container\">\n\t\t\t\t\t\t\t\t\t\t\t\t\t\t\t<img decoding=\"async\" width=\"800\" height=\"800\" src=\"https:\/\/foliedujour.com\/wp-content\/uploads\/2025\/08\/Acrobate-1024x1024.webp\" class=\"attachment-large size-large wp-image-1360\" alt=\"\" srcset=\"https:\/\/foliedujour.com\/wp-content\/uploads\/2025\/08\/Acrobate-1024x1024.webp 1024w, https:\/\/foliedujour.com\/wp-content\/uploads\/2025\/08\/Acrobate-300x300.webp 300w, https:\/\/foliedujour.com\/wp-content\/uploads\/2025\/08\/Acrobate-150x150.webp 150w, https:\/\/foliedujour.com\/wp-content\/uploads\/2025\/08\/Acrobate-768x768.webp 768w, https:\/\/foliedujour.com\/wp-content\/uploads\/2025\/08\/Acrobate-12x12.webp 12w, https:\/\/foliedujour.com\/wp-content\/uploads\/2025\/08\/Acrobate.webp 1080w\" sizes=\"(max-width: 800px) 100vw, 800px\" \/>\t\t\t\t\t\t\t\t\t\t\t\t\t\t\t<\/div>\n\t\t\t\t<\/div>\n\t\t\t\t\t<\/div>\n\t\t<\/div>\n\t\t\t\t\t<\/div>\n\t\t<\/section>\n\t\t\t\t<\/div>","protected":false},"excerpt":{"rendered":"<p>Sir\u00e8nes artistes de cirque Illustrations personnelles repr\u00e9sentant des sir\u00e8nes en artistes de cirque : jongleuse, contorsionniste et dresseuse de poissons<\/p>","protected":false},"author":1,"featured_media":1764,"parent":0,"menu_order":0,"comment_status":"closed","ping_status":"closed","template":"","meta":{"footnotes":""},"class_list":["post-1358","page","type-page","status-publish","has-post-thumbnail","hentry"],"_links":{"self":[{"href":"https:\/\/foliedujour.com\/en\/wp-json\/wp\/v2\/pages\/1358","targetHints":{"allow":["GET"]}}],"collection":[{"href":"https:\/\/foliedujour.com\/en\/wp-json\/wp\/v2\/pages"}],"about":[{"href":"https:\/\/foliedujour.com\/en\/wp-json\/wp\/v2\/types\/page"}],"author":[{"embeddable":true,"href":"https:\/\/foliedujour.com\/en\/wp-json\/wp\/v2\/users\/1"}],"replies":[{"embeddable":true,"href":"https:\/\/foliedujour.com\/en\/wp-json\/wp\/v2\/comments?post=1358"}],"version-history":[{"count":10,"href":"https:\/\/foliedujour.com\/en\/wp-json\/wp\/v2\/pages\/1358\/revisions"}],"predecessor-version":[{"id":1417,"href":"https:\/\/foliedujour.com\/en\/wp-json\/wp\/v2\/pages\/1358\/revisions\/1417"}],"wp:featuredmedia":[{"embeddable":true,"href":"https:\/\/foliedujour.com\/en\/wp-json\/wp\/v2\/media\/1764"}],"wp:attachment":[{"href":"https:\/\/foliedujour.com\/en\/wp-json\/wp\/v2\/media?parent=1358"}],"curies":[{"name":"wp","href":"https:\/\/api.w.org\/{rel}","templated":true}]}}