{"id":1367,"date":"2025-08-23T10:14:47","date_gmt":"2025-08-23T10:14:47","guid":{"rendered":"https:\/\/foliedujour.com\/?page_id=1367"},"modified":"2026-02-16T10:33:30","modified_gmt":"2026-02-16T10:33:30","slug":"mascottes-de-poule","status":"publish","type":"page","link":"https:\/\/foliedujour.com\/en\/mascottes-de-poule\/","title":{"rendered":"Packaging &#8211; Mascottes de poule"},"content":{"rendered":"<div data-elementor-type=\"wp-page\" data-elementor-id=\"1367\" class=\"elementor elementor-1367\" data-elementor-post-type=\"page\">\n\t\t\t\t\t\t<section class=\"elementor-section elementor-top-section elementor-element elementor-element-ef1a343 elementor-section-boxed elementor-section-height-default elementor-section-height-default\" data-id=\"ef1a343\" data-element_type=\"section\" data-e-type=\"section\">\n\t\t\t\t\t\t<div class=\"elementor-container elementor-column-gap-default\">\n\t\t\t\t\t<div class=\"elementor-column elementor-col-100 elementor-top-column elementor-element elementor-element-be138cf\" data-id=\"be138cf\" data-element_type=\"column\" data-e-type=\"column\">\n\t\t\t<div class=\"elementor-widget-wrap elementor-element-populated\">\n\t\t\t\t\t\t<div class=\"elementor-element elementor-element-1f3821d elementor-widget elementor-widget-spacer\" data-id=\"1f3821d\" data-element_type=\"widget\" data-e-type=\"widget\" data-widget_type=\"spacer.default\">\n\t\t\t\t<div class=\"elementor-widget-container\">\n\t\t\t\t\t\t\t<div class=\"elementor-spacer\">\n\t\t\t<div class=\"elementor-spacer-inner\"><\/div>\n\t\t<\/div>\n\t\t\t\t\t\t<\/div>\n\t\t\t\t<\/div>\n\t\t\t\t<div class=\"elementor-element elementor-element-47d29b9 elementor-widget elementor-widget-heading\" data-id=\"47d29b9\" data-element_type=\"widget\" data-e-type=\"widget\" data-widget_type=\"heading.default\">\n\t\t\t\t<div class=\"elementor-widget-container\">\n\t\t\t\t\t<h2 class=\"elementor-heading-title elementor-size-default\">Mascottes de poules<\/h2>\t\t\t\t<\/div>\n\t\t\t\t<\/div>\n\t\t\t\t<div class=\"elementor-element elementor-element-60eab15 elementor-widget__width-initial elementor-widget elementor-widget-text-editor\" data-id=\"60eab15\" data-element_type=\"widget\" data-e-type=\"widget\" data-widget_type=\"text-editor.default\">\n\t\t\t\t<div class=\"elementor-widget-container\">\n\t\t\t\t\t\t\t\t\t<div>Cr\u00e9ation en 2025 d&rsquo;une mascotte pour un nouveau produit de compl\u00e9ments alimentaires pour poules.<\/div><div>Trois variations pour trois produits diff\u00e9rents: croissance, immunit\u00e9 et ponte.<\/div>\t\t\t\t\t\t\t\t<\/div>\n\t\t\t\t<\/div>\n\t\t\t\t<div class=\"elementor-element elementor-element-010ea2d elementor-widget elementor-widget-gallery\" data-id=\"010ea2d\" data-element_type=\"widget\" data-e-type=\"widget\" data-settings=\"{&quot;columns&quot;:3,&quot;aspect_ratio&quot;:&quot;1:1&quot;,&quot;lazyload&quot;:&quot;yes&quot;,&quot;gallery_layout&quot;:&quot;grid&quot;,&quot;columns_tablet&quot;:2,&quot;columns_mobile&quot;:1,&quot;gap&quot;:{&quot;unit&quot;:&quot;px&quot;,&quot;size&quot;:10,&quot;sizes&quot;:[]},&quot;gap_tablet&quot;:{&quot;unit&quot;:&quot;px&quot;,&quot;size&quot;:10,&quot;sizes&quot;:[]},&quot;gap_mobile&quot;:{&quot;unit&quot;:&quot;px&quot;,&quot;size&quot;:10,&quot;sizes&quot;:[]},&quot;link_to&quot;:&quot;file&quot;,&quot;overlay_background&quot;:&quot;yes&quot;,&quot;content_hover_animation&quot;:&quot;fade-in&quot;}\" data-widget_type=\"gallery.default\">\n\t\t\t\t<div class=\"elementor-widget-container\">\n\t\t\t\t\t\t\t<div class=\"elementor-gallery__container\">\n\t\t\t\t\t\t\t<a class=\"e-gallery-item elementor-gallery-item elementor-animated-content\" href=\"https:\/\/foliedujour.com\/wp-content\/uploads\/2025\/08\/Poule_Croissance.jpg\" data-elementor-open-lightbox=\"yes\" data-elementor-lightbox-slideshow=\"010ea2d\" data-elementor-lightbox-title=\"Poule_Croissance\" data-e-action-hash=\"#elementor-action%3Aaction%3Dlightbox%26settings%3DeyJpZCI6MTM4MiwidXJsIjoiaHR0cHM6XC9cL2ZvbGllZHVqb3VyLmNvbVwvd3AtY29udGVudFwvdXBsb2Fkc1wvMjAyNVwvMDhcL1BvdWxlX0Nyb2lzc2FuY2UuanBnIiwic2xpZGVzaG93IjoiMDEwZWEyZCJ9\">\n\t\t\t\t\t<div class=\"e-gallery-image elementor-gallery-item__image\" data-thumbnail=\"https:\/\/foliedujour.com\/wp-content\/uploads\/2025\/08\/Poule_Croissance-768x700.jpg\" data-width=\"768\" data-height=\"700\" aria-label=\"\" role=\"img\" ><\/div>\n\t\t\t\t\t\t\t\t\t\t\t<div class=\"elementor-gallery-item__overlay\"><\/div>\n\t\t\t\t\t\t\t\t\t\t\t\t\t\t<\/a>\n\t\t\t\t\t\t\t<a class=\"e-gallery-item elementor-gallery-item elementor-animated-content\" href=\"https:\/\/foliedujour.com\/wp-content\/uploads\/2025\/08\/Poule_Immunite.jpg\" data-elementor-open-lightbox=\"yes\" data-elementor-lightbox-slideshow=\"010ea2d\" data-elementor-lightbox-title=\"Poule_Immunite\u0301\" data-e-action-hash=\"#elementor-action%3Aaction%3Dlightbox%26settings%3DeyJpZCI6MTM4MywidXJsIjoiaHR0cHM6XC9cL2ZvbGllZHVqb3VyLmNvbVwvd3AtY29udGVudFwvdXBsb2Fkc1wvMjAyNVwvMDhcL1BvdWxlX0ltbXVuaXRlLmpwZyIsInNsaWRlc2hvdyI6IjAxMGVhMmQifQ%3D%3D\">\n\t\t\t\t\t<div class=\"e-gallery-image elementor-gallery-item__image\" data-thumbnail=\"https:\/\/foliedujour.com\/wp-content\/uploads\/2025\/08\/Poule_Immunite-768x768.jpg\" data-width=\"768\" data-height=\"768\" aria-label=\"\" role=\"img\" ><\/div>\n\t\t\t\t\t\t\t\t\t\t\t<div class=\"elementor-gallery-item__overlay\"><\/div>\n\t\t\t\t\t\t\t\t\t\t\t\t\t\t<\/a>\n\t\t\t\t\t\t\t<a class=\"e-gallery-item elementor-gallery-item elementor-animated-content\" href=\"https:\/\/foliedujour.com\/wp-content\/uploads\/2025\/08\/Poule_Ponte.jpg\" data-elementor-open-lightbox=\"yes\" data-elementor-lightbox-slideshow=\"010ea2d\" data-elementor-lightbox-title=\"Poule_Ponte\" data-e-action-hash=\"#elementor-action%3Aaction%3Dlightbox%26settings%3DeyJpZCI6MTM4NCwidXJsIjoiaHR0cHM6XC9cL2ZvbGllZHVqb3VyLmNvbVwvd3AtY29udGVudFwvdXBsb2Fkc1wvMjAyNVwvMDhcL1BvdWxlX1BvbnRlLmpwZyIsInNsaWRlc2hvdyI6IjAxMGVhMmQifQ%3D%3D\">\n\t\t\t\t\t<div class=\"e-gallery-image elementor-gallery-item__image\" data-thumbnail=\"https:\/\/foliedujour.com\/wp-content\/uploads\/2025\/08\/Poule_Ponte-768x768.jpg\" data-width=\"768\" data-height=\"768\" aria-label=\"\" role=\"img\" ><\/div>\n\t\t\t\t\t\t\t\t\t\t\t<div class=\"elementor-gallery-item__overlay\"><\/div>\n\t\t\t\t\t\t\t\t\t\t\t\t\t\t<\/a>\n\t\t\t\t\t<\/div>\n\t\t\t\t\t<\/div>\n\t\t\t\t<\/div>\n\t\t\t\t<div class=\"elementor-element elementor-element-95b18c1 elementor-widget-divider--view-line elementor-widget elementor-widget-divider\" data-id=\"95b18c1\" data-element_type=\"widget\" data-e-type=\"widget\" data-widget_type=\"divider.default\">\n\t\t\t\t<div class=\"elementor-widget-container\">\n\t\t\t\t\t\t\t<div class=\"elementor-divider\">\n\t\t\t<span class=\"elementor-divider-separator\">\n\t\t\t\t\t\t<\/span>\n\t\t<\/div>\n\t\t\t\t\t\t<\/div>\n\t\t\t\t<\/div>\n\t\t\t\t\t<\/div>\n\t\t<\/div>\n\t\t\t\t\t<\/div>\n\t\t<\/section>\n\t\t\t\t<section class=\"elementor-section elementor-top-section elementor-element elementor-element-aafbfee elementor-section-boxed elementor-section-height-default elementor-section-height-default\" data-id=\"aafbfee\" data-element_type=\"section\" data-e-type=\"section\">\n\t\t\t\t\t\t<div class=\"elementor-container elementor-column-gap-default\">\n\t\t\t\t\t<div class=\"elementor-column elementor-col-100 elementor-top-column elementor-element elementor-element-95fcbe0\" data-id=\"95fcbe0\" data-element_type=\"column\" data-e-type=\"column\">\n\t\t\t<div class=\"elementor-widget-wrap elementor-element-populated\">\n\t\t\t\t\t\t<div class=\"elementor-element elementor-element-7bbea4a elementor-widget elementor-widget-image\" data-id=\"7bbea4a\" data-element_type=\"widget\" data-e-type=\"widget\" data-widget_type=\"image.default\">\n\t\t\t\t<div class=\"elementor-widget-container\">\n\t\t\t\t\t\t\t\t\t\t\t\t\t\t\t<img fetchpriority=\"high\" decoding=\"async\" width=\"800\" height=\"459\" src=\"https:\/\/foliedujour.com\/wp-content\/uploads\/2025\/08\/paquets-illustration-1024x588.jpg\" class=\"attachment-large size-large wp-image-1394\" alt=\"\" srcset=\"https:\/\/foliedujour.com\/wp-content\/uploads\/2025\/08\/paquets-illustration-1024x588.jpg 1024w, https:\/\/foliedujour.com\/wp-content\/uploads\/2025\/08\/paquets-illustration-300x172.jpg 300w, https:\/\/foliedujour.com\/wp-content\/uploads\/2025\/08\/paquets-illustration-768x441.jpg 768w, https:\/\/foliedujour.com\/wp-content\/uploads\/2025\/08\/paquets-illustration-18x10.jpg 18w, https:\/\/foliedujour.com\/wp-content\/uploads\/2025\/08\/paquets-illustration.jpg 1303w\" sizes=\"(max-width: 800px) 100vw, 800px\" \/>\t\t\t\t\t\t\t\t\t\t\t\t\t\t\t<\/div>\n\t\t\t\t<\/div>\n\t\t\t\t\t<\/div>\n\t\t<\/div>\n\t\t\t\t\t<\/div>\n\t\t<\/section>\n\t\t\t\t<\/div>","protected":false},"excerpt":{"rendered":"<p>Mascottes de poules Cr\u00e9ation en 2025 d&rsquo;une mascotte pour un nouveau produit de compl\u00e9ments alimentaires pour poules.Trois variations pour trois produits diff\u00e9rents: croissance, immunit\u00e9 et ponte.<\/p>","protected":false},"author":1,"featured_media":1601,"parent":0,"menu_order":0,"comment_status":"closed","ping_status":"closed","template":"","meta":{"footnotes":""},"class_list":["post-1367","page","type-page","status-publish","has-post-thumbnail","hentry"],"_links":{"self":[{"href":"https:\/\/foliedujour.com\/en\/wp-json\/wp\/v2\/pages\/1367","targetHints":{"allow":["GET"]}}],"collection":[{"href":"https:\/\/foliedujour.com\/en\/wp-json\/wp\/v2\/pages"}],"about":[{"href":"https:\/\/foliedujour.com\/en\/wp-json\/wp\/v2\/types\/page"}],"author":[{"embeddable":true,"href":"https:\/\/foliedujour.com\/en\/wp-json\/wp\/v2\/users\/1"}],"replies":[{"embeddable":true,"href":"https:\/\/foliedujour.com\/en\/wp-json\/wp\/v2\/comments?post=1367"}],"version-history":[{"count":12,"href":"https:\/\/foliedujour.com\/en\/wp-json\/wp\/v2\/pages\/1367\/revisions"}],"predecessor-version":[{"id":1844,"href":"https:\/\/foliedujour.com\/en\/wp-json\/wp\/v2\/pages\/1367\/revisions\/1844"}],"wp:featuredmedia":[{"embeddable":true,"href":"https:\/\/foliedujour.com\/en\/wp-json\/wp\/v2\/media\/1601"}],"wp:attachment":[{"href":"https:\/\/foliedujour.com\/en\/wp-json\/wp\/v2\/media?parent=1367"}],"curies":[{"name":"wp","href":"https:\/\/api.w.org\/{rel}","templated":true}]}}