{"id":44,"date":"2022-06-10T15:26:01","date_gmt":"2022-06-10T15:26:01","guid":{"rendered":"https:\/\/foliedujour.com\/?page_id=44"},"modified":"2026-02-16T10:39:58","modified_gmt":"2026-02-16T10:39:58","slug":"about","status":"publish","type":"page","link":"https:\/\/foliedujour.com\/en\/about\/","title":{"rendered":"About me"},"content":{"rendered":"\t\t<div data-elementor-type=\"wp-page\" data-elementor-id=\"44\" class=\"elementor elementor-44\" data-elementor-post-type=\"page\">\n\t\t\t\t\t\t<section class=\"elementor-section elementor-top-section elementor-element elementor-element-085733a elementor-section-boxed elementor-section-height-default elementor-section-height-default\" data-id=\"085733a\" data-element_type=\"section\" data-e-type=\"section\">\n\t\t\t\t\t\t<div class=\"elementor-container elementor-column-gap-default\">\n\t\t\t\t\t<div class=\"elementor-column elementor-col-100 elementor-top-column elementor-element elementor-element-6cf63f4\" data-id=\"6cf63f4\" data-element_type=\"column\" data-e-type=\"column\">\n\t\t\t<div class=\"elementor-widget-wrap elementor-element-populated\">\n\t\t\t\t\t\t<div class=\"elementor-element elementor-element-4a90f65 elementor-widget elementor-widget-heading\" data-id=\"4a90f65\" data-element_type=\"widget\" data-e-type=\"widget\" data-widget_type=\"heading.default\">\n\t\t\t\t<div class=\"elementor-widget-container\">\n\t\t\t\t\t<h2 class=\"elementor-heading-title elementor-size-default\">\u00c0 PROPOS<\/h2>\t\t\t\t<\/div>\n\t\t\t\t<\/div>\n\t\t\t\t<div class=\"elementor-element elementor-element-fda2c69 elementor-widget-divider--view-line elementor-widget elementor-widget-divider\" data-id=\"fda2c69\" data-element_type=\"widget\" data-e-type=\"widget\" data-widget_type=\"divider.default\">\n\t\t\t\t<div class=\"elementor-widget-container\">\n\t\t\t\t\t\t\t<div class=\"elementor-divider\">\n\t\t\t<span class=\"elementor-divider-separator\">\n\t\t\t\t\t\t<\/span>\n\t\t<\/div>\n\t\t\t\t\t\t<\/div>\n\t\t\t\t<\/div>\n\t\t\t\t<section class=\"elementor-section elementor-inner-section elementor-element elementor-element-838f71a elementor-section-boxed elementor-section-height-default elementor-section-height-default\" data-id=\"838f71a\" data-element_type=\"section\" data-e-type=\"section\">\n\t\t\t\t\t\t<div class=\"elementor-container elementor-column-gap-default\">\n\t\t\t\t\t<div class=\"elementor-column elementor-col-50 elementor-inner-column elementor-element elementor-element-65bb4ea\" data-id=\"65bb4ea\" data-element_type=\"column\" data-e-type=\"column\">\n\t\t\t<div class=\"elementor-widget-wrap elementor-element-populated\">\n\t\t\t\t\t\t<div class=\"elementor-element elementor-element-0c9b917 elementor-widget__width-initial elementor-widget elementor-widget-text-editor\" data-id=\"0c9b917\" data-element_type=\"widget\" data-e-type=\"widget\" data-widget_type=\"text-editor.default\">\n\t\t\t\t<div class=\"elementor-widget-container\">\n\t\t\t\t\t\t\t\t\t<p><span style=\"font-weight: 400;\">Bonjour !<\/span><\/p><p><span style=\"font-weight: 400;\">Je m&rsquo;appelle Marion, je suis une illustratrice et graphiste freelance \u00e9galement cr\u00e9atrice de jeux vid\u00e9os. \u00a0<\/span><\/p><p><img decoding=\"async\" class=\"alignleft\" role=\"img\" draggable=\"false\" src=\"https:\/\/s.w.org\/images\/core\/emoji\/16.0.1\/svg\/1f363.svg\" alt=\"\ud83c\udf63\" width=\"35\" height=\"35\" \/> Mon travail est influenc\u00e9 par le Japon o\u00f9 j\u2019ai v\u00e9cu 4 ans (2018-2022), par la nature et les animaux.<\/p><p><img decoding=\"async\" class=\"alignleft\" role=\"img\" draggable=\"false\" src=\"https:\/\/s.w.org\/images\/core\/emoji\/16.0.1\/svg\/1f3ae.svg\" alt=\"\ud83c\udfae\" width=\"43\" height=\"43\" \/> En projet personnel, je cr\u00e9e des jeux vid\u00e9o d\u2019aventure point-and-click en lien avec mes illustrations.<\/p><p>Je suis passionn\u00e9e par l\u2019illustration et je suis constamment \u00e0 la recherche de nouvelles opportunit\u00e9s<\/p><p><strong>Contactez-moi pour toute demande de collaboration ou de renseignement.<\/strong><\/p><p><strong>marion.illustrator[at]gmail.com<\/strong><\/p>\t\t\t\t\t\t\t\t<\/div>\n\t\t\t\t<\/div>\n\t\t\t\t\t<\/div>\n\t\t<\/div>\n\t\t\t\t<div class=\"elementor-column elementor-col-50 elementor-inner-column elementor-element elementor-element-0bf7c3d\" data-id=\"0bf7c3d\" data-element_type=\"column\" data-e-type=\"column\">\n\t\t\t<div class=\"elementor-widget-wrap elementor-element-populated\">\n\t\t\t\t\t\t<div class=\"elementor-element elementor-element-4a56bc4 elementor-widget elementor-widget-image\" data-id=\"4a56bc4\" data-element_type=\"widget\" data-e-type=\"widget\" data-widget_type=\"image.default\">\n\t\t\t\t<div class=\"elementor-widget-container\">\n\t\t\t\t\t\t\t\t\t\t\t\t\t\t\t<img decoding=\"async\" src=\"https:\/\/foliedujour.com\/wp-content\/uploads\/elementor\/thumbs\/20210509_100428-prugnf3kyb7k391mnffq6q21ytkjx3gr5y5xgne0ao.png\" title=\"20210509_100428\" alt=\"Moi\" loading=\"lazy\" \/>\t\t\t\t\t\t\t\t\t\t\t\t\t\t\t<\/div>\n\t\t\t\t<\/div>\n\t\t\t\t\t<\/div>\n\t\t<\/div>\n\t\t\t\t\t<\/div>\n\t\t<\/section>\n\t\t\t\t\t<\/div>\n\t\t<\/div>\n\t\t\t\t\t<\/div>\n\t\t<\/section>\n\t\t\t\t<section class=\"elementor-section elementor-top-section elementor-element elementor-element-4efb3fa6 elementor-section-boxed elementor-section-height-default elementor-section-height-default\" data-id=\"4efb3fa6\" data-element_type=\"section\" data-e-type=\"section\">\n\t\t\t\t\t\t<div class=\"elementor-container elementor-column-gap-default\">\n\t\t\t\t\t<div class=\"elementor-column elementor-col-50 elementor-top-column elementor-element elementor-element-772ab7cd\" data-id=\"772ab7cd\" data-element_type=\"column\" data-e-type=\"column\">\n\t\t\t<div class=\"elementor-widget-wrap elementor-element-populated\">\n\t\t\t\t\t\t<div class=\"elementor-element elementor-element-43e1bc58 elementor-widget elementor-widget-heading\" data-id=\"43e1bc58\" data-element_type=\"widget\" data-e-type=\"widget\" data-widget_type=\"heading.default\">\n\t\t\t\t<div class=\"elementor-widget-container\">\n\t\t\t\t\t<h2 class=\"elementor-heading-title elementor-size-default\">FAQ<\/h2>\t\t\t\t<\/div>\n\t\t\t\t<\/div>\n\t\t\t\t<div class=\"elementor-element elementor-element-40de1752 elementor-widget elementor-widget-image\" data-id=\"40de1752\" data-element_type=\"widget\" data-e-type=\"widget\" data-widget_type=\"image.default\">\n\t\t\t\t<div class=\"elementor-widget-container\">\n\t\t\t\t\t\t\t\t\t\t\t\t\t\t\t<img fetchpriority=\"high\" decoding=\"async\" width=\"800\" height=\"640\" src=\"https:\/\/foliedujour.com\/wp-content\/uploads\/2025\/09\/9-septembre-1024x819.webp\" class=\"attachment-large size-large wp-image-1526\" alt=\"\" srcset=\"https:\/\/foliedujour.com\/wp-content\/uploads\/2025\/09\/9-septembre-1024x819.webp 1024w, https:\/\/foliedujour.com\/wp-content\/uploads\/2025\/09\/9-septembre-300x240.webp 300w, https:\/\/foliedujour.com\/wp-content\/uploads\/2025\/09\/9-septembre-768x614.webp 768w, https:\/\/foliedujour.com\/wp-content\/uploads\/2025\/09\/9-septembre-15x12.png 15w, https:\/\/foliedujour.com\/wp-content\/uploads\/2025\/09\/9-septembre.webp 1500w\" sizes=\"(max-width: 800px) 100vw, 800px\" \/>\t\t\t\t\t\t\t\t\t\t\t\t\t\t\t<\/div>\n\t\t\t\t<\/div>\n\t\t\t\t\t<\/div>\n\t\t<\/div>\n\t\t\t\t<div class=\"elementor-column elementor-col-50 elementor-top-column elementor-element elementor-element-7545a5ba\" data-id=\"7545a5ba\" data-element_type=\"column\" data-e-type=\"column\">\n\t\t\t<div class=\"elementor-widget-wrap elementor-element-populated\">\n\t\t\t\t\t\t<div class=\"elementor-element elementor-element-7d76605e elementor-widget__width-initial elementor-widget elementor-widget-text-editor\" data-id=\"7d76605e\" data-element_type=\"widget\" data-e-type=\"widget\" data-widget_type=\"text-editor.default\">\n\t\t\t\t<div class=\"elementor-widget-container\">\n\t\t\t\t\t\t\t\t\t<h4><span class=\"sqsrte-text-color--darkAccent\"><strong>Sur quels types de projets pouvez-vous travailler ?<\/strong><\/span><\/h4><p>Que vous ayez besoin d&rsquo;une illustration pour un projet \u00e9ditorial, un packaging, une application ou un site web, je m&rsquo;assurerai de cr\u00e9er l&rsquo;illustration parfaite pour votre projet.<\/p><p>\u00a0<\/p><h4><span class=\"sqsrte-text-color--darkAccent\">Comment se passe une collaboration \u00e9tape par \u00e9tape ?<\/span><\/h4><p>1. Nous commen\u00e7ons par un \u00e9change autour de votre projet: vos besoins, vos contraintes, l&rsquo;univers de votre marque, etc.<\/p><p>2. Je r\u00e9alise des croquis pr\u00e9liminaires en noir et blanc pour valider la direction artistique.<\/p><p>3. Je cr\u00e9\u00e9 l&rsquo;illustration en couleurs et je vous l&rsquo;envoie. Il est encore possible de faire des modifications de couleurs ou de compositions.<\/p><p>4. Vous recevez l&rsquo;illustration finale, pr\u00eate \u00e0 \u00eatre imprim\u00e9 ou diffus\u00e9 sur le web.<\/p><p>Je suis toujours disponible pour partager vos commentaires et apporter des modifications en cours de route.<\/p><p>\u00a0<\/p><h4><span class=\"sqsrte-text-color--darkAccent\">Quels sont les d\u00e9lais pour un projet d\u2019illustration ?<\/span><\/h4><p>Cela peut aller de quelques jours pour une illustration simple \u00e0 quelques mois pour un projet complexe. Tout d\u00e9pend aussi de mes disponibilit\u00e9s.<\/p><p>Si vous pensez que mon style correspond \u00e0 vos besoins, n&rsquo;h\u00e9sitez pas \u00e0 me contacter\u00a0!<\/p>\t\t\t\t\t\t\t\t<\/div>\n\t\t\t\t<\/div>\n\t\t\t\t\t<\/div>\n\t\t<\/div>\n\t\t\t\t\t<\/div>\n\t\t<\/section>\n\t\t\t\t<\/div>\n\t\t","protected":false},"excerpt":{"rendered":"<p>\u00c0 PROPOS Bonjour ! Je m&rsquo;appelle Marion, je suis une illustratrice et graphiste freelance \u00e9galement cr\u00e9atrice de jeux vid\u00e9os. \u00a0 Mon travail est influenc\u00e9 par le Japon o\u00f9 j\u2019ai v\u00e9cu 4 ans (2018-2022), par la nature et les animaux. En projet personnel, je cr\u00e9e des jeux vid\u00e9o d\u2019aventure point-and-click en lien avec mes illustrations. Je [&hellip;]<\/p>\n","protected":false},"author":1,"featured_media":0,"parent":0,"menu_order":0,"comment_status":"closed","ping_status":"closed","template":"","meta":{"footnotes":""},"class_list":["post-44","page","type-page","status-publish","hentry"],"_links":{"self":[{"href":"https:\/\/foliedujour.com\/en\/wp-json\/wp\/v2\/pages\/44","targetHints":{"allow":["GET"]}}],"collection":[{"href":"https:\/\/foliedujour.com\/en\/wp-json\/wp\/v2\/pages"}],"about":[{"href":"https:\/\/foliedujour.com\/en\/wp-json\/wp\/v2\/types\/page"}],"author":[{"embeddable":true,"href":"https:\/\/foliedujour.com\/en\/wp-json\/wp\/v2\/users\/1"}],"replies":[{"embeddable":true,"href":"https:\/\/foliedujour.com\/en\/wp-json\/wp\/v2\/comments?post=44"}],"version-history":[{"count":113,"href":"https:\/\/foliedujour.com\/en\/wp-json\/wp\/v2\/pages\/44\/revisions"}],"predecessor-version":[{"id":1856,"href":"https:\/\/foliedujour.com\/en\/wp-json\/wp\/v2\/pages\/44\/revisions\/1856"}],"wp:attachment":[{"href":"https:\/\/foliedujour.com\/en\/wp-json\/wp\/v2\/media?parent=44"}],"curies":[{"name":"wp","href":"https:\/\/api.w.org\/{rel}","templated":true}]}}