{"id":825,"date":"2024-02-27T09:59:44","date_gmt":"2024-02-27T09:59:44","guid":{"rendered":"https:\/\/foliedujour.com\/?page_id=825"},"modified":"2025-09-26T13:40:20","modified_gmt":"2025-09-26T13:40:20","slug":"line-stickers","status":"publish","type":"page","link":"https:\/\/foliedujour.com\/en\/line-stickers\/","title":{"rendered":"Line Stickers"},"content":{"rendered":"<div data-elementor-type=\"wp-page\" data-elementor-id=\"825\" class=\"elementor elementor-825\" data-elementor-post-type=\"page\">\n\t\t\t\t\t\t<section class=\"elementor-section elementor-top-section elementor-element elementor-element-35096a1 elementor-section-boxed elementor-section-height-default elementor-section-height-default\" data-id=\"35096a1\" data-element_type=\"section\" data-e-type=\"section\">\n\t\t\t\t\t\t<div class=\"elementor-container elementor-column-gap-default\">\n\t\t\t\t\t<div class=\"elementor-column elementor-col-100 elementor-top-column elementor-element elementor-element-95b1c1d\" data-id=\"95b1c1d\" data-element_type=\"column\" data-e-type=\"column\">\n\t\t\t<div class=\"elementor-widget-wrap elementor-element-populated\">\n\t\t\t\t\t\t<div class=\"elementor-element elementor-element-a9e87a1 elementor-widget elementor-widget-spacer\" data-id=\"a9e87a1\" data-element_type=\"widget\" data-e-type=\"widget\" data-widget_type=\"spacer.default\">\n\t\t\t\t<div class=\"elementor-widget-container\">\n\t\t\t\t\t\t\t<div class=\"elementor-spacer\">\n\t\t\t<div class=\"elementor-spacer-inner\"><\/div>\n\t\t<\/div>\n\t\t\t\t\t\t<\/div>\n\t\t\t\t<\/div>\n\t\t\t\t<div class=\"elementor-element elementor-element-6e066dd elementor-widget elementor-widget-heading\" data-id=\"6e066dd\" data-element_type=\"widget\" data-e-type=\"widget\" data-widget_type=\"heading.default\">\n\t\t\t\t<div class=\"elementor-widget-container\">\n\t\t\t\t\t<h2 class=\"elementor-heading-title elementor-size-default\">\ud83d\udc7b Line stickers<\/h2>\t\t\t\t<\/div>\n\t\t\t\t<\/div>\n\t\t\t\t<div class=\"elementor-element elementor-element-9a98355 elementor-widget elementor-widget-text-editor\" data-id=\"9a98355\" data-element_type=\"widget\" data-e-type=\"widget\" data-widget_type=\"text-editor.default\">\n\t\t\t\t<div class=\"elementor-widget-container\">\n\t\t\t\t\t\t\t\t\t<p><strong>2024<\/strong><\/p>\t\t\t\t\t\t\t\t<\/div>\n\t\t\t\t<\/div>\n\t\t\t\t\t<\/div>\n\t\t<\/div>\n\t\t\t\t\t<\/div>\n\t\t<\/section>\n\t\t\t\t<section class=\"elementor-section elementor-top-section elementor-element elementor-element-2ca75af elementor-section-boxed elementor-section-height-default elementor-section-height-default\" data-id=\"2ca75af\" data-element_type=\"section\" data-e-type=\"section\">\n\t\t\t\t\t\t<div class=\"elementor-container elementor-column-gap-default\">\n\t\t\t\t\t<div class=\"elementor-column elementor-col-50 elementor-top-column elementor-element elementor-element-e205395\" data-id=\"e205395\" data-element_type=\"column\" data-e-type=\"column\">\n\t\t\t<div class=\"elementor-widget-wrap elementor-element-populated\">\n\t\t\t\t\t\t<section class=\"elementor-section elementor-inner-section elementor-element elementor-element-26c5365 elementor-section-boxed elementor-section-height-default elementor-section-height-default\" data-id=\"26c5365\" data-element_type=\"section\" data-e-type=\"section\">\n\t\t\t\t\t\t<div class=\"elementor-container elementor-column-gap-default\">\n\t\t\t\t\t<div class=\"elementor-column elementor-col-50 elementor-inner-column elementor-element elementor-element-fdc8cc1\" data-id=\"fdc8cc1\" data-element_type=\"column\" data-e-type=\"column\">\n\t\t\t<div class=\"elementor-widget-wrap elementor-element-populated\">\n\t\t\t\t\t\t<div class=\"elementor-element elementor-element-d284926 elementor-widget elementor-widget-image\" data-id=\"d284926\" data-element_type=\"widget\" data-e-type=\"widget\" data-widget_type=\"image.default\">\n\t\t\t\t<div class=\"elementor-widget-container\">\n\t\t\t\t\t\t\t\t\t\t\t\t\t\t\t<img decoding=\"async\" src=\"https:\/\/foliedujour.com\/wp-content\/uploads\/elementor\/thumbs\/LINE_logo.svg-qkbo8u26sma5brhoyzbt088rp1qbfwiu0q4lxt7dro.png\" title=\"LINE_logo.svg\" alt=\"LINE_logo.svg\" loading=\"lazy\" \/>\t\t\t\t\t\t\t\t\t\t\t\t\t\t\t<\/div>\n\t\t\t\t<\/div>\n\t\t\t\t\t<\/div>\n\t\t<\/div>\n\t\t\t\t<div class=\"elementor-column elementor-col-50 elementor-inner-column elementor-element elementor-element-b7e14c3\" data-id=\"b7e14c3\" data-element_type=\"column\" data-e-type=\"column\">\n\t\t\t<div class=\"elementor-widget-wrap elementor-element-populated\">\n\t\t\t\t\t\t<div class=\"elementor-element elementor-element-d60c28e elementor-widget elementor-widget-text-editor\" data-id=\"d60c28e\" data-element_type=\"widget\" data-e-type=\"widget\" data-widget_type=\"text-editor.default\">\n\t\t\t\t<div class=\"elementor-widget-container\">\n\t\t\t\t\t\t\t\t\t<p>Set of 40 stickers created for Line, an app for instant communications widely used in Asia.<br \/>The stickers are exchanged in messaging and allow the user to express their state of mind.<\/p>\t\t\t\t\t\t\t\t<\/div>\n\t\t\t\t<\/div>\n\t\t\t\t\t<\/div>\n\t\t<\/div>\n\t\t\t\t\t<\/div>\n\t\t<\/section>\n\t\t\t\t<div class=\"elementor-element elementor-element-79b35d1 elementor-widget elementor-widget-text-editor\" data-id=\"79b35d1\" data-element_type=\"widget\" data-e-type=\"widget\" data-widget_type=\"text-editor.default\">\n\t\t\t\t<div class=\"elementor-widget-container\">\n\t\t\t\t\t\t\t\t\t<p>I decided to use a cute and endearing character. The design is simple to be easily understood by users.<\/p>\t\t\t\t\t\t\t\t<\/div>\n\t\t\t\t<\/div>\n\t\t\t\t\t<\/div>\n\t\t<\/div>\n\t\t\t\t<div class=\"elementor-column elementor-col-50 elementor-top-column elementor-element elementor-element-9926c3b\" data-id=\"9926c3b\" data-element_type=\"column\" data-e-type=\"column\">\n\t\t\t<div class=\"elementor-widget-wrap elementor-element-populated\">\n\t\t\t\t\t\t<div class=\"elementor-element elementor-element-542c240 elementor-widget elementor-widget-image\" data-id=\"542c240\" data-element_type=\"widget\" data-e-type=\"widget\" data-widget_type=\"image.default\">\n\t\t\t\t<div class=\"elementor-widget-container\">\n\t\t\t\t\t\t\t\t\t\t\t\t\t\t\t<img fetchpriority=\"high\" decoding=\"async\" width=\"240\" height=\"240\" src=\"https:\/\/foliedujour.com\/wp-content\/uploads\/2024\/02\/Main.png\" class=\"attachment-large size-large wp-image-827\" alt=\"Line Stickers\" srcset=\"https:\/\/foliedujour.com\/wp-content\/uploads\/2024\/02\/Main.png 240w, https:\/\/foliedujour.com\/wp-content\/uploads\/2024\/02\/Main-150x150.png 150w, https:\/\/foliedujour.com\/wp-content\/uploads\/2024\/02\/Main-12x12.png 12w\" sizes=\"(max-width: 240px) 100vw, 240px\" \/>\t\t\t\t\t\t\t\t\t\t\t\t\t\t\t<\/div>\n\t\t\t\t<\/div>\n\t\t\t\t\t<\/div>\n\t\t<\/div>\n\t\t\t\t\t<\/div>\n\t\t<\/section>\n\t\t\t\t<section class=\"elementor-section elementor-top-section elementor-element elementor-element-5f0f935 elementor-section-boxed elementor-section-height-default elementor-section-height-default\" data-id=\"5f0f935\" data-element_type=\"section\" data-e-type=\"section\">\n\t\t\t\t\t\t<div class=\"elementor-container elementor-column-gap-default\">\n\t\t\t\t\t<div class=\"elementor-column elementor-col-100 elementor-top-column elementor-element elementor-element-f778d2b\" data-id=\"f778d2b\" data-element_type=\"column\" data-e-type=\"column\">\n\t\t\t<div class=\"elementor-widget-wrap elementor-element-populated\">\n\t\t\t\t\t\t<div class=\"elementor-element elementor-element-e3630bc elementor-widget-divider--view-line elementor-widget elementor-widget-divider\" data-id=\"e3630bc\" data-element_type=\"widget\" data-e-type=\"widget\" data-widget_type=\"divider.default\">\n\t\t\t\t<div class=\"elementor-widget-container\">\n\t\t\t\t\t\t\t<div class=\"elementor-divider\">\n\t\t\t<span class=\"elementor-divider-separator\">\n\t\t\t\t\t\t<\/span>\n\t\t<\/div>\n\t\t\t\t\t\t<\/div>\n\t\t\t\t<\/div>\n\t\t\t\t<section class=\"elementor-section elementor-inner-section elementor-element elementor-element-3ba962e elementor-section-boxed elementor-section-height-default elementor-section-height-default\" data-id=\"3ba962e\" data-element_type=\"section\" data-e-type=\"section\">\n\t\t\t\t\t\t<div class=\"elementor-container elementor-column-gap-default\">\n\t\t\t\t\t<div class=\"elementor-column elementor-col-100 elementor-inner-column elementor-element elementor-element-05d16f5\" data-id=\"05d16f5\" data-element_type=\"column\" data-e-type=\"column\">\n\t\t\t<div class=\"elementor-widget-wrap elementor-element-populated\">\n\t\t\t\t\t\t<div class=\"elementor-element elementor-element-fa66b7b elementor-widget elementor-widget-gallery\" data-id=\"fa66b7b\" data-element_type=\"widget\" data-e-type=\"widget\" data-settings=\"{&quot;gallery_layout&quot;:&quot;justified&quot;,&quot;lazyload&quot;:&quot;yes&quot;,&quot;ideal_row_height&quot;:{&quot;unit&quot;:&quot;px&quot;,&quot;size&quot;:200,&quot;sizes&quot;:[]},&quot;ideal_row_height_tablet&quot;:{&quot;unit&quot;:&quot;px&quot;,&quot;size&quot;:150,&quot;sizes&quot;:[]},&quot;ideal_row_height_mobile&quot;:{&quot;unit&quot;:&quot;px&quot;,&quot;size&quot;:150,&quot;sizes&quot;:[]},&quot;gap&quot;:{&quot;unit&quot;:&quot;px&quot;,&quot;size&quot;:10,&quot;sizes&quot;:[]},&quot;gap_tablet&quot;:{&quot;unit&quot;:&quot;px&quot;,&quot;size&quot;:10,&quot;sizes&quot;:[]},&quot;gap_mobile&quot;:{&quot;unit&quot;:&quot;px&quot;,&quot;size&quot;:10,&quot;sizes&quot;:[]},&quot;link_to&quot;:&quot;file&quot;,&quot;overlay_background&quot;:&quot;yes&quot;,&quot;content_hover_animation&quot;:&quot;fade-in&quot;}\" data-widget_type=\"gallery.default\">\n\t\t\t\t<div class=\"elementor-widget-container\">\n\t\t\t\t\t\t\t<div class=\"elementor-gallery__container\">\n\t\t\t\t\t\t\t<a class=\"e-gallery-item elementor-gallery-item elementor-animated-content\" href=\"https:\/\/foliedujour.com\/wp-content\/uploads\/2024\/02\/1.-Hello.png\" data-elementor-open-lightbox=\"yes\" data-elementor-lightbox-slideshow=\"fa66b7b\" data-elementor-lightbox-title=\"1. Hello\" data-e-action-hash=\"#elementor-action%3Aaction%3Dlightbox%26settings%3DeyJpZCI6ODI5LCJ1cmwiOiJodHRwczpcL1wvZm9saWVkdWpvdXIuY29tXC93cC1jb250ZW50XC91cGxvYWRzXC8yMDI0XC8wMlwvMS4tSGVsbG8ucG5nIiwic2xpZGVzaG93IjoiZmE2NmI3YiJ9\">\n\t\t\t\t\t<div class=\"e-gallery-image elementor-gallery-item__image\" data-thumbnail=\"https:\/\/foliedujour.com\/wp-content\/uploads\/2024\/02\/1.-Hello.png\" data-width=\"212\" data-height=\"320\" aria-label=\"\" role=\"img\" ><\/div>\n\t\t\t\t\t\t\t\t\t\t\t<div class=\"elementor-gallery-item__overlay\"><\/div>\n\t\t\t\t\t\t\t\t\t\t\t\t\t\t<\/a>\n\t\t\t\t\t\t\t<a class=\"e-gallery-item elementor-gallery-item elementor-animated-content\" href=\"https:\/\/foliedujour.com\/wp-content\/uploads\/2024\/02\/13.-Hug.png\" data-elementor-open-lightbox=\"yes\" data-elementor-lightbox-slideshow=\"fa66b7b\" data-elementor-lightbox-title=\"13. Hug\" data-e-action-hash=\"#elementor-action%3Aaction%3Dlightbox%26settings%3DeyJpZCI6ODM5LCJ1cmwiOiJodHRwczpcL1wvZm9saWVkdWpvdXIuY29tXC93cC1jb250ZW50XC91cGxvYWRzXC8yMDI0XC8wMlwvMTMuLUh1Zy5wbmciLCJzbGlkZXNob3ciOiJmYTY2YjdiIn0%3D\">\n\t\t\t\t\t<div class=\"e-gallery-image elementor-gallery-item__image\" data-thumbnail=\"https:\/\/foliedujour.com\/wp-content\/uploads\/2024\/02\/13.-Hug.png\" data-width=\"314\" data-height=\"320\" aria-label=\"\" role=\"img\" ><\/div>\n\t\t\t\t\t\t\t\t\t\t\t<div class=\"elementor-gallery-item__overlay\"><\/div>\n\t\t\t\t\t\t\t\t\t\t\t\t\t\t<\/a>\n\t\t\t\t\t\t\t<a class=\"e-gallery-item elementor-gallery-item elementor-animated-content\" href=\"https:\/\/foliedujour.com\/wp-content\/uploads\/2024\/02\/7.-Love-Letter.png\" data-elementor-open-lightbox=\"yes\" data-elementor-lightbox-slideshow=\"fa66b7b\" data-elementor-lightbox-title=\"7. Love Letter\" data-e-action-hash=\"#elementor-action%3Aaction%3Dlightbox%26settings%3DeyJpZCI6ODM0LCJ1cmwiOiJodHRwczpcL1wvZm9saWVkdWpvdXIuY29tXC93cC1jb250ZW50XC91cGxvYWRzXC8yMDI0XC8wMlwvNy4tTG92ZS1MZXR0ZXIucG5nIiwic2xpZGVzaG93IjoiZmE2NmI3YiJ9\">\n\t\t\t\t\t<div class=\"e-gallery-image elementor-gallery-item__image\" data-thumbnail=\"https:\/\/foliedujour.com\/wp-content\/uploads\/2024\/02\/7.-Love-Letter.png\" data-width=\"246\" data-height=\"320\" aria-label=\"\" role=\"img\" ><\/div>\n\t\t\t\t\t\t\t\t\t\t\t<div class=\"elementor-gallery-item__overlay\"><\/div>\n\t\t\t\t\t\t\t\t\t\t\t\t\t\t<\/a>\n\t\t\t\t\t\t\t<a class=\"e-gallery-item elementor-gallery-item elementor-animated-content\" href=\"https:\/\/foliedujour.com\/wp-content\/uploads\/2024\/02\/11.-Call-me.png\" data-elementor-open-lightbox=\"yes\" data-elementor-lightbox-slideshow=\"fa66b7b\" data-elementor-lightbox-title=\"11. Call me\" data-e-action-hash=\"#elementor-action%3Aaction%3Dlightbox%26settings%3DeyJpZCI6ODM4LCJ1cmwiOiJodHRwczpcL1wvZm9saWVkdWpvdXIuY29tXC93cC1jb250ZW50XC91cGxvYWRzXC8yMDI0XC8wMlwvMTEuLUNhbGwtbWUucG5nIiwic2xpZGVzaG93IjoiZmE2NmI3YiJ9\">\n\t\t\t\t\t<div class=\"e-gallery-image elementor-gallery-item__image\" data-thumbnail=\"https:\/\/foliedujour.com\/wp-content\/uploads\/2024\/02\/11.-Call-me.png\" data-width=\"218\" data-height=\"320\" aria-label=\"\" role=\"img\" ><\/div>\n\t\t\t\t\t\t\t\t\t\t\t<div class=\"elementor-gallery-item__overlay\"><\/div>\n\t\t\t\t\t\t\t\t\t\t\t\t\t\t<\/a>\n\t\t\t\t\t\t\t<a class=\"e-gallery-item elementor-gallery-item elementor-animated-content\" href=\"https:\/\/foliedujour.com\/wp-content\/uploads\/2024\/02\/14.-Oups2.png\" data-elementor-open-lightbox=\"yes\" data-elementor-lightbox-slideshow=\"fa66b7b\" data-elementor-lightbox-title=\"14. Oups2\" data-e-action-hash=\"#elementor-action%3Aaction%3Dlightbox%26settings%3DeyJpZCI6ODQwLCJ1cmwiOiJodHRwczpcL1wvZm9saWVkdWpvdXIuY29tXC93cC1jb250ZW50XC91cGxvYWRzXC8yMDI0XC8wMlwvMTQuLU91cHMyLnBuZyIsInNsaWRlc2hvdyI6ImZhNjZiN2IifQ%3D%3D\">\n\t\t\t\t\t<div class=\"e-gallery-image elementor-gallery-item__image\" data-thumbnail=\"https:\/\/foliedujour.com\/wp-content\/uploads\/2024\/02\/14.-Oups2.png\" data-width=\"230\" data-height=\"320\" aria-label=\"\" role=\"img\" ><\/div>\n\t\t\t\t\t\t\t\t\t\t\t<div class=\"elementor-gallery-item__overlay\"><\/div>\n\t\t\t\t\t\t\t\t\t\t\t\t\t\t<\/a>\n\t\t\t\t\t\t\t<a class=\"e-gallery-item elementor-gallery-item elementor-animated-content\" href=\"https:\/\/foliedujour.com\/wp-content\/uploads\/2024\/02\/9.-Please.png\" data-elementor-open-lightbox=\"yes\" data-elementor-lightbox-slideshow=\"fa66b7b\" data-elementor-lightbox-title=\"9. Please\" data-e-action-hash=\"#elementor-action%3Aaction%3Dlightbox%26settings%3DeyJpZCI6ODM2LCJ1cmwiOiJodHRwczpcL1wvZm9saWVkdWpvdXIuY29tXC93cC1jb250ZW50XC91cGxvYWRzXC8yMDI0XC8wMlwvOS4tUGxlYXNlLnBuZyIsInNsaWRlc2hvdyI6ImZhNjZiN2IifQ%3D%3D\">\n\t\t\t\t\t<div class=\"e-gallery-image elementor-gallery-item__image\" data-thumbnail=\"https:\/\/foliedujour.com\/wp-content\/uploads\/2024\/02\/9.-Please.png\" data-width=\"302\" data-height=\"320\" aria-label=\"\" role=\"img\" ><\/div>\n\t\t\t\t\t\t\t\t\t\t\t<div class=\"elementor-gallery-item__overlay\"><\/div>\n\t\t\t\t\t\t\t\t\t\t\t\t\t\t<\/a>\n\t\t\t\t\t\t\t<a class=\"e-gallery-item elementor-gallery-item elementor-animated-content\" href=\"https:\/\/foliedujour.com\/wp-content\/uploads\/2024\/02\/25.-Karaoke.png\" data-elementor-open-lightbox=\"yes\" data-elementor-lightbox-slideshow=\"fa66b7b\" data-elementor-lightbox-title=\"25. Karaoke\" data-e-action-hash=\"#elementor-action%3Aaction%3Dlightbox%26settings%3DeyJpZCI6ODQyLCJ1cmwiOiJodHRwczpcL1wvZm9saWVkdWpvdXIuY29tXC93cC1jb250ZW50XC91cGxvYWRzXC8yMDI0XC8wMlwvMjUuLUthcmFva2UucG5nIiwic2xpZGVzaG93IjoiZmE2NmI3YiJ9\">\n\t\t\t\t\t<div class=\"e-gallery-image elementor-gallery-item__image\" data-thumbnail=\"https:\/\/foliedujour.com\/wp-content\/uploads\/2024\/02\/25.-Karaoke.png\" data-width=\"292\" data-height=\"320\" aria-label=\"\" role=\"img\" ><\/div>\n\t\t\t\t\t\t\t\t\t\t\t<div class=\"elementor-gallery-item__overlay\"><\/div>\n\t\t\t\t\t\t\t\t\t\t\t\t\t\t<\/a>\n\t\t\t\t\t\t\t<a class=\"e-gallery-item elementor-gallery-item elementor-animated-content\" href=\"https:\/\/foliedujour.com\/wp-content\/uploads\/2024\/02\/3.-Gift.png\" data-elementor-open-lightbox=\"yes\" data-elementor-lightbox-slideshow=\"fa66b7b\" data-elementor-lightbox-title=\"3. Gift\" data-e-action-hash=\"#elementor-action%3Aaction%3Dlightbox%26settings%3DeyJpZCI6ODMxLCJ1cmwiOiJodHRwczpcL1wvZm9saWVkdWpvdXIuY29tXC93cC1jb250ZW50XC91cGxvYWRzXC8yMDI0XC8wMlwvMy4tR2lmdC5wbmciLCJzbGlkZXNob3ciOiJmYTY2YjdiIn0%3D\">\n\t\t\t\t\t<div class=\"e-gallery-image elementor-gallery-item__image\" data-thumbnail=\"https:\/\/foliedujour.com\/wp-content\/uploads\/2024\/02\/3.-Gift.png\" data-width=\"252\" data-height=\"320\" aria-label=\"\" role=\"img\" ><\/div>\n\t\t\t\t\t\t\t\t\t\t\t<div class=\"elementor-gallery-item__overlay\"><\/div>\n\t\t\t\t\t\t\t\t\t\t\t\t\t\t<\/a>\n\t\t\t\t\t\t\t<a class=\"e-gallery-item elementor-gallery-item elementor-animated-content\" href=\"https:\/\/foliedujour.com\/wp-content\/uploads\/2024\/02\/8.-Love.png\" data-elementor-open-lightbox=\"yes\" data-elementor-lightbox-slideshow=\"fa66b7b\" data-elementor-lightbox-title=\"8. Love\" data-e-action-hash=\"#elementor-action%3Aaction%3Dlightbox%26settings%3DeyJpZCI6ODM1LCJ1cmwiOiJodHRwczpcL1wvZm9saWVkdWpvdXIuY29tXC93cC1jb250ZW50XC91cGxvYWRzXC8yMDI0XC8wMlwvOC4tTG92ZS5wbmciLCJzbGlkZXNob3ciOiJmYTY2YjdiIn0%3D\">\n\t\t\t\t\t<div class=\"e-gallery-image elementor-gallery-item__image\" data-thumbnail=\"https:\/\/foliedujour.com\/wp-content\/uploads\/2024\/02\/8.-Love.png\" data-width=\"262\" data-height=\"320\" aria-label=\"\" role=\"img\" ><\/div>\n\t\t\t\t\t\t\t\t\t\t\t<div class=\"elementor-gallery-item__overlay\"><\/div>\n\t\t\t\t\t\t\t\t\t\t\t\t\t\t<\/a>\n\t\t\t\t\t\t\t<a class=\"e-gallery-item elementor-gallery-item elementor-animated-content\" href=\"https:\/\/foliedujour.com\/wp-content\/uploads\/2024\/02\/6.-Smile.png\" data-elementor-open-lightbox=\"yes\" data-elementor-lightbox-slideshow=\"fa66b7b\" data-elementor-lightbox-title=\"6. Smile\" data-e-action-hash=\"#elementor-action%3Aaction%3Dlightbox%26settings%3DeyJpZCI6ODMzLCJ1cmwiOiJodHRwczpcL1wvZm9saWVkdWpvdXIuY29tXC93cC1jb250ZW50XC91cGxvYWRzXC8yMDI0XC8wMlwvNi4tU21pbGUucG5nIiwic2xpZGVzaG93IjoiZmE2NmI3YiJ9\">\n\t\t\t\t\t<div class=\"e-gallery-image elementor-gallery-item__image\" data-thumbnail=\"https:\/\/foliedujour.com\/wp-content\/uploads\/2024\/02\/6.-Smile.png\" data-width=\"264\" data-height=\"320\" aria-label=\"\" role=\"img\" ><\/div>\n\t\t\t\t\t\t\t\t\t\t\t<div class=\"elementor-gallery-item__overlay\"><\/div>\n\t\t\t\t\t\t\t\t\t\t\t\t\t\t<\/a>\n\t\t\t\t\t\t\t<a class=\"e-gallery-item elementor-gallery-item elementor-animated-content\" href=\"https:\/\/foliedujour.com\/wp-content\/uploads\/2024\/02\/20.-Party.png\" data-elementor-open-lightbox=\"yes\" data-elementor-lightbox-slideshow=\"fa66b7b\" data-elementor-lightbox-title=\"20. Party\" data-e-action-hash=\"#elementor-action%3Aaction%3Dlightbox%26settings%3DeyJpZCI6ODQxLCJ1cmwiOiJodHRwczpcL1wvZm9saWVkdWpvdXIuY29tXC93cC1jb250ZW50XC91cGxvYWRzXC8yMDI0XC8wMlwvMjAuLVBhcnR5LnBuZyIsInNsaWRlc2hvdyI6ImZhNjZiN2IifQ%3D%3D\">\n\t\t\t\t\t<div class=\"e-gallery-image elementor-gallery-item__image\" data-thumbnail=\"https:\/\/foliedujour.com\/wp-content\/uploads\/2024\/02\/20.-Party.png\" data-width=\"292\" data-height=\"320\" aria-label=\"\" role=\"img\" ><\/div>\n\t\t\t\t\t\t\t\t\t\t\t<div class=\"elementor-gallery-item__overlay\"><\/div>\n\t\t\t\t\t\t\t\t\t\t\t\t\t\t<\/a>\n\t\t\t\t\t\t\t<a class=\"e-gallery-item elementor-gallery-item elementor-animated-content\" href=\"https:\/\/foliedujour.com\/wp-content\/uploads\/2024\/02\/10.-Question.png\" data-elementor-open-lightbox=\"yes\" data-elementor-lightbox-slideshow=\"fa66b7b\" data-elementor-lightbox-title=\"10. Question\" data-e-action-hash=\"#elementor-action%3Aaction%3Dlightbox%26settings%3DeyJpZCI6ODM3LCJ1cmwiOiJodHRwczpcL1wvZm9saWVkdWpvdXIuY29tXC93cC1jb250ZW50XC91cGxvYWRzXC8yMDI0XC8wMlwvMTAuLVF1ZXN0aW9uLnBuZyIsInNsaWRlc2hvdyI6ImZhNjZiN2IifQ%3D%3D\">\n\t\t\t\t\t<div class=\"e-gallery-image elementor-gallery-item__image\" data-thumbnail=\"https:\/\/foliedujour.com\/wp-content\/uploads\/2024\/02\/10.-Question.png\" data-width=\"250\" data-height=\"320\" aria-label=\"\" role=\"img\" ><\/div>\n\t\t\t\t\t\t\t\t\t\t\t<div class=\"elementor-gallery-item__overlay\"><\/div>\n\t\t\t\t\t\t\t\t\t\t\t\t\t\t<\/a>\n\t\t\t\t\t<\/div>\n\t\t\t\t\t<\/div>\n\t\t\t\t<\/div>\n\t\t\t\t<div class=\"elementor-element elementor-element-7a73498 elementor-widget elementor-widget-image\" data-id=\"7a73498\" data-element_type=\"widget\" data-e-type=\"widget\" data-widget_type=\"image.default\">\n\t\t\t\t<div class=\"elementor-widget-container\">\n\t\t\t\t\t\t\t\t\t\t\t\t\t\t\t<img decoding=\"async\" width=\"748\" height=\"587\" src=\"https:\/\/foliedujour.com\/wp-content\/uploads\/2024\/02\/Untitled-2.jpg\" class=\"attachment-large size-large wp-image-845\" alt=\"Line Sticker Walo\" srcset=\"https:\/\/foliedujour.com\/wp-content\/uploads\/2024\/02\/Untitled-2.jpg 748w, https:\/\/foliedujour.com\/wp-content\/uploads\/2024\/02\/Untitled-2-300x235.jpg 300w, https:\/\/foliedujour.com\/wp-content\/uploads\/2024\/02\/Untitled-2-15x12.jpg 15w\" sizes=\"(max-width: 748px) 100vw, 748px\" \/>\t\t\t\t\t\t\t\t\t\t\t\t\t\t\t<\/div>\n\t\t\t\t<\/div>\n\t\t\t\t\t<\/div>\n\t\t<\/div>\n\t\t\t\t\t<\/div>\n\t\t<\/section>\n\t\t\t\t\t<\/div>\n\t\t<\/div>\n\t\t\t\t\t<\/div>\n\t\t<\/section>\n\t\t\t\t<section class=\"elementor-section elementor-top-section elementor-element elementor-element-2742a7e elementor-section-boxed elementor-section-height-default elementor-section-height-default\" data-id=\"2742a7e\" data-element_type=\"section\" data-e-type=\"section\">\n\t\t\t\t\t\t<div class=\"elementor-container elementor-column-gap-default\">\n\t\t\t\t\t<div class=\"elementor-column elementor-col-100 elementor-top-column elementor-element elementor-element-a793045\" data-id=\"a793045\" data-element_type=\"column\" data-e-type=\"column\">\n\t\t\t<div class=\"elementor-widget-wrap elementor-element-populated\">\n\t\t\t\t\t\t<div class=\"elementor-element elementor-element-3a30fb3 elementor-post-navigation-borders-yes elementor-widget elementor-widget-post-navigation\" data-id=\"3a30fb3\" data-element_type=\"widget\" data-e-type=\"widget\" data-widget_type=\"post-navigation.default\">\n\t\t\t\t<div class=\"elementor-widget-container\">\n\t\t\t\t\t\t\t<div class=\"elementor-post-navigation\" role=\"navigation\" aria-label=\"Post Navigation\">\n\t\t\t<div class=\"elementor-post-navigation__prev elementor-post-navigation__link\">\n\t\t\t\t<a href=\"https:\/\/foliedujour.com\/en\/contact\/\" rel=\"prev\"><span class=\"post-navigation__arrow-wrapper post-navigation__arrow-prev\"><i aria-hidden=\"true\" class=\"fas fa-angle-left\"><\/i><span class=\"elementor-screen-only\">Prev<\/span><\/span><span class=\"elementor-post-navigation__link__prev\"><span class=\"post-navigation__prev--label\"><\/span><span class=\"post-navigation__prev--title\">Contact<\/span><\/span><\/a>\t\t\t<\/div>\n\t\t\t\t\t\t\t<div class=\"elementor-post-navigation__separator-wrapper\">\n\t\t\t\t\t<div class=\"elementor-post-navigation__separator\"><\/div>\n\t\t\t\t<\/div>\n\t\t\t\t\t\t<div class=\"elementor-post-navigation__next elementor-post-navigation__link\">\n\t\t\t\t<a href=\"https:\/\/foliedujour.com\/en\/portraits-danimaux\/\" rel=\"next\"><span class=\"elementor-post-navigation__link__next\"><span class=\"post-navigation__next--label\"><\/span><span class=\"post-navigation__next--title\">Portraits d&rsquo;animaux<\/span><\/span><span class=\"post-navigation__arrow-wrapper post-navigation__arrow-next\"><i aria-hidden=\"true\" class=\"fas fa-angle-right\"><\/i><span class=\"elementor-screen-only\">Next<\/span><\/span><\/a>\t\t\t<\/div>\n\t\t<\/div>\n\t\t\t\t\t\t<\/div>\n\t\t\t\t<\/div>\n\t\t\t\t\t<\/div>\n\t\t<\/div>\n\t\t\t\t\t<\/div>\n\t\t<\/section>\n\t\t\t\t<\/div>","protected":false},"excerpt":{"rendered":"<p>\ud83d\udc7b Line stickers 2024 Lot de 40 stickers\u00a0cr\u00e9\u00e9s pour Line, la premi\u00e8re application de messagerie instantan\u00e9e en Asie.Les stickers sont \u00e9chang\u00e9s dans la messagerie et permettent \u00e0 l&rsquo;utilisateur d&rsquo;exprimer son \u00e9tat d&rsquo;esprit. J&rsquo;ai d\u00e9cid\u00e9 d&rsquo;utiliser un personnage mignon et attachant. Le design est simple pour \u00eatre facilement compris par les utilisateurs.<\/p>","protected":false},"author":1,"featured_media":1620,"parent":0,"menu_order":0,"comment_status":"closed","ping_status":"closed","template":"","meta":{"footnotes":""},"class_list":["post-825","page","type-page","status-publish","has-post-thumbnail","hentry"],"_links":{"self":[{"href":"https:\/\/foliedujour.com\/en\/wp-json\/wp\/v2\/pages\/825","targetHints":{"allow":["GET"]}}],"collection":[{"href":"https:\/\/foliedujour.com\/en\/wp-json\/wp\/v2\/pages"}],"about":[{"href":"https:\/\/foliedujour.com\/en\/wp-json\/wp\/v2\/types\/page"}],"author":[{"embeddable":true,"href":"https:\/\/foliedujour.com\/en\/wp-json\/wp\/v2\/users\/1"}],"replies":[{"embeddable":true,"href":"https:\/\/foliedujour.com\/en\/wp-json\/wp\/v2\/comments?post=825"}],"version-history":[{"count":13,"href":"https:\/\/foliedujour.com\/en\/wp-json\/wp\/v2\/pages\/825\/revisions"}],"predecessor-version":[{"id":1211,"href":"https:\/\/foliedujour.com\/en\/wp-json\/wp\/v2\/pages\/825\/revisions\/1211"}],"wp:featuredmedia":[{"embeddable":true,"href":"https:\/\/foliedujour.com\/en\/wp-json\/wp\/v2\/media\/1620"}],"wp:attachment":[{"href":"https:\/\/foliedujour.com\/en\/wp-json\/wp\/v2\/media?parent=825"}],"curies":[{"name":"wp","href":"https:\/\/api.w.org\/{rel}","templated":true}]}}