{"id":849,"date":"2024-02-29T10:14:36","date_gmt":"2024-02-29T10:14:36","guid":{"rendered":"https:\/\/foliedujour.com\/?page_id=849"},"modified":"2025-09-26T11:06:43","modified_gmt":"2025-09-26T11:06:43","slug":"chat-astrologie","status":"publish","type":"page","link":"https:\/\/foliedujour.com\/en\/chat-astrologie\/","title":{"rendered":"Zodiac cat"},"content":{"rendered":"<div data-elementor-type=\"wp-page\" data-elementor-id=\"849\" class=\"elementor elementor-849\" data-elementor-post-type=\"page\">\n\t\t\t\t\t\t<section class=\"elementor-section elementor-top-section elementor-element elementor-element-7d4d5116 elementor-section-boxed elementor-section-height-default elementor-section-height-default\" data-id=\"7d4d5116\" data-element_type=\"section\" data-e-type=\"section\">\n\t\t\t\t\t\t<div class=\"elementor-container elementor-column-gap-default\">\n\t\t\t\t\t<div class=\"elementor-column elementor-col-100 elementor-top-column elementor-element elementor-element-1b79b0eb\" data-id=\"1b79b0eb\" data-element_type=\"column\" data-e-type=\"column\">\n\t\t\t<div class=\"elementor-widget-wrap elementor-element-populated\">\n\t\t\t\t\t\t<div class=\"elementor-element elementor-element-291399db elementor-widget elementor-widget-heading\" data-id=\"291399db\" data-element_type=\"widget\" data-e-type=\"widget\" data-widget_type=\"heading.default\">\n\t\t\t\t<div class=\"elementor-widget-container\">\n\t\t\t\t\t<h2 class=\"elementor-heading-title elementor-size-default\">Zodiac cat<\/h2>\t\t\t\t<\/div>\n\t\t\t\t<\/div>\n\t\t\t\t<div class=\"elementor-element elementor-element-579978b4 elementor-widget elementor-widget-text-editor\" data-id=\"579978b4\" data-element_type=\"widget\" data-e-type=\"widget\" data-widget_type=\"text-editor.default\">\n\t\t\t\t<div class=\"elementor-widget-container\">\n\t\t\t\t\t\t\t\t\t<p><strong>2024<\/strong><\/p>\t\t\t\t\t\t\t\t<\/div>\n\t\t\t\t<\/div>\n\t\t\t\t<div class=\"elementor-element elementor-element-6bae4b0 elementor-widget elementor-widget-text-editor\" data-id=\"6bae4b0\" data-element_type=\"widget\" data-e-type=\"widget\" data-widget_type=\"text-editor.default\">\n\t\t\t\t<div class=\"elementor-widget-container\">\n\t\t\t\t\t\t\t\t\t<p>A series of the 12 astrological signs represented by cute cats.<\/p>\t\t\t\t\t\t\t\t<\/div>\n\t\t\t\t<\/div>\n\t\t\t\t\t<\/div>\n\t\t<\/div>\n\t\t\t\t\t<\/div>\n\t\t<\/section>\n\t\t\t\t<section class=\"elementor-section elementor-top-section elementor-element elementor-element-835c42c elementor-section-boxed elementor-section-height-default elementor-section-height-default\" data-id=\"835c42c\" data-element_type=\"section\" data-e-type=\"section\">\n\t\t\t\t\t\t<div class=\"elementor-container elementor-column-gap-default\">\n\t\t\t\t\t<div class=\"elementor-column elementor-col-100 elementor-top-column elementor-element elementor-element-afde1e0\" data-id=\"afde1e0\" data-element_type=\"column\" data-e-type=\"column\">\n\t\t\t<div class=\"elementor-widget-wrap elementor-element-populated\">\n\t\t\t\t\t\t<div class=\"elementor-element elementor-element-0009320 elementor-widget-divider--view-line elementor-widget elementor-widget-divider\" data-id=\"0009320\" data-element_type=\"widget\" data-e-type=\"widget\" data-widget_type=\"divider.default\">\n\t\t\t\t<div class=\"elementor-widget-container\">\n\t\t\t\t\t\t\t<div class=\"elementor-divider\">\n\t\t\t<span class=\"elementor-divider-separator\">\n\t\t\t\t\t\t<\/span>\n\t\t<\/div>\n\t\t\t\t\t\t<\/div>\n\t\t\t\t<\/div>\n\t\t\t\t<section class=\"elementor-section elementor-inner-section elementor-element elementor-element-8a44ae4 elementor-section-full_width elementor-section-height-default elementor-section-height-default\" data-id=\"8a44ae4\" data-element_type=\"section\" data-e-type=\"section\">\n\t\t\t\t\t\t<div class=\"elementor-container elementor-column-gap-default\">\n\t\t\t\t\t<div class=\"elementor-column elementor-col-50 elementor-inner-column elementor-element elementor-element-3ca0711\" data-id=\"3ca0711\" data-element_type=\"column\" data-e-type=\"column\">\n\t\t\t<div class=\"elementor-widget-wrap elementor-element-populated\">\n\t\t\t\t\t\t<div class=\"elementor-element elementor-element-a51678e elementor-widget elementor-widget-image\" data-id=\"a51678e\" data-element_type=\"widget\" data-e-type=\"widget\" data-widget_type=\"image.default\">\n\t\t\t\t<div class=\"elementor-widget-container\">\n\t\t\t\t\t\t\t\t\t\t\t\t\t\t\t<img fetchpriority=\"high\" decoding=\"async\" width=\"800\" height=\"800\" src=\"https:\/\/foliedujour.com\/wp-content\/uploads\/2024\/03\/base-1024x1024.jpg\" class=\"attachment-large size-large wp-image-971\" alt=\"\" srcset=\"https:\/\/foliedujour.com\/wp-content\/uploads\/2024\/03\/base-1024x1024.jpg 1024w, https:\/\/foliedujour.com\/wp-content\/uploads\/2024\/03\/base-300x300.jpg 300w, https:\/\/foliedujour.com\/wp-content\/uploads\/2024\/03\/base-150x150.jpg 150w, https:\/\/foliedujour.com\/wp-content\/uploads\/2024\/03\/base-768x768.jpg 768w, https:\/\/foliedujour.com\/wp-content\/uploads\/2024\/03\/base-1536x1536.jpg 1536w, https:\/\/foliedujour.com\/wp-content\/uploads\/2024\/03\/base-12x12.jpg 12w, https:\/\/foliedujour.com\/wp-content\/uploads\/2024\/03\/base.jpg 2000w\" sizes=\"(max-width: 800px) 100vw, 800px\" \/>\t\t\t\t\t\t\t\t\t\t\t\t\t\t\t<\/div>\n\t\t\t\t<\/div>\n\t\t\t\t\t<\/div>\n\t\t<\/div>\n\t\t\t\t<div class=\"elementor-column elementor-col-50 elementor-inner-column elementor-element elementor-element-a8b28fb\" data-id=\"a8b28fb\" data-element_type=\"column\" data-e-type=\"column\">\n\t\t\t<div class=\"elementor-widget-wrap elementor-element-populated\">\n\t\t\t\t\t\t<div class=\"elementor-element elementor-element-385892d elementor-widget elementor-widget-image\" data-id=\"385892d\" data-element_type=\"widget\" data-e-type=\"widget\" data-widget_type=\"image.default\">\n\t\t\t\t<div class=\"elementor-widget-container\">\n\t\t\t\t\t\t\t\t\t\t\t\t\t\t\t<img decoding=\"async\" width=\"578\" height=\"1024\" src=\"https:\/\/foliedujour.com\/wp-content\/uploads\/2024\/03\/freelance2024-578x1024.jpg\" class=\"attachment-large size-large wp-image-1050\" alt=\"\" srcset=\"https:\/\/foliedujour.com\/wp-content\/uploads\/2024\/03\/freelance2024-578x1024.jpg 578w, https:\/\/foliedujour.com\/wp-content\/uploads\/2024\/03\/freelance2024-169x300.jpg 169w, https:\/\/foliedujour.com\/wp-content\/uploads\/2024\/03\/freelance2024-768x1361.jpg 768w, https:\/\/foliedujour.com\/wp-content\/uploads\/2024\/03\/freelance2024-867x1536.jpg 867w, https:\/\/foliedujour.com\/wp-content\/uploads\/2024\/03\/freelance2024-7x12.jpg 7w, https:\/\/foliedujour.com\/wp-content\/uploads\/2024\/03\/freelance2024.jpg 964w\" sizes=\"(max-width: 578px) 100vw, 578px\" \/>\t\t\t\t\t\t\t\t\t\t\t\t\t\t\t<\/div>\n\t\t\t\t<\/div>\n\t\t\t\t\t<\/div>\n\t\t<\/div>\n\t\t\t\t\t<\/div>\n\t\t<\/section>\n\t\t\t\t<div class=\"elementor-element elementor-element-f97d2e2 elementor-widget elementor-widget-gallery\" data-id=\"f97d2e2\" data-element_type=\"widget\" data-e-type=\"widget\" data-settings=\"{&quot;aspect_ratio&quot;:&quot;1:1&quot;,&quot;lazyload&quot;:&quot;yes&quot;,&quot;gallery_layout&quot;:&quot;grid&quot;,&quot;columns&quot;:4,&quot;columns_tablet&quot;:2,&quot;columns_mobile&quot;:1,&quot;gap&quot;:{&quot;unit&quot;:&quot;px&quot;,&quot;size&quot;:10,&quot;sizes&quot;:[]},&quot;gap_tablet&quot;:{&quot;unit&quot;:&quot;px&quot;,&quot;size&quot;:10,&quot;sizes&quot;:[]},&quot;gap_mobile&quot;:{&quot;unit&quot;:&quot;px&quot;,&quot;size&quot;:10,&quot;sizes&quot;:[]},&quot;link_to&quot;:&quot;file&quot;,&quot;overlay_background&quot;:&quot;yes&quot;,&quot;content_hover_animation&quot;:&quot;fade-in&quot;}\" data-widget_type=\"gallery.default\">\n\t\t\t\t<div class=\"elementor-widget-container\">\n\t\t\t\t\t\t\t<div class=\"elementor-gallery__container\">\n\t\t\t\t\t\t\t<a class=\"e-gallery-item elementor-gallery-item elementor-animated-content\" href=\"https:\/\/foliedujour.com\/wp-content\/uploads\/2024\/02\/Balance2-scaled-e1708857475583.jpg\" data-elementor-open-lightbox=\"yes\" data-elementor-lightbox-slideshow=\"f97d2e2\" data-elementor-lightbox-title=\"Libra Zodiac\" data-e-action-hash=\"#elementor-action%3Aaction%3Dlightbox%26settings%3DeyJpZCI6ODU4LCJ1cmwiOiJodHRwczpcL1wvZm9saWVkdWpvdXIuY29tXC93cC1jb250ZW50XC91cGxvYWRzXC8yMDI0XC8wMlwvQmFsYW5jZTItc2NhbGVkLWUxNzA4ODU3NDc1NTgzLmpwZyIsInNsaWRlc2hvdyI6ImY5N2QyZTIifQ%3D%3D\">\n\t\t\t\t\t<div class=\"e-gallery-image elementor-gallery-item__image\" data-thumbnail=\"https:\/\/foliedujour.com\/wp-content\/uploads\/2024\/02\/Balance2-768x960.jpg\" data-width=\"768\" data-height=\"960\" aria-label=\"\" role=\"img\" ><\/div>\n\t\t\t\t\t\t\t\t\t\t\t<div class=\"elementor-gallery-item__overlay\"><\/div>\n\t\t\t\t\t\t\t\t\t\t\t\t\t\t<\/a>\n\t\t\t\t\t\t\t<a class=\"e-gallery-item elementor-gallery-item elementor-animated-content\" href=\"https:\/\/foliedujour.com\/wp-content\/uploads\/2024\/02\/Belier2-scaled-e1708857458899.jpg\" data-elementor-open-lightbox=\"yes\" data-elementor-lightbox-slideshow=\"f97d2e2\" data-elementor-lightbox-title=\"Aries Zodiac\" data-e-action-hash=\"#elementor-action%3Aaction%3Dlightbox%26settings%3DeyJpZCI6ODU5LCJ1cmwiOiJodHRwczpcL1wvZm9saWVkdWpvdXIuY29tXC93cC1jb250ZW50XC91cGxvYWRzXC8yMDI0XC8wMlwvQmVsaWVyMi1zY2FsZWQtZTE3MDg4NTc0NTg4OTkuanBnIiwic2xpZGVzaG93IjoiZjk3ZDJlMiJ9\">\n\t\t\t\t\t<div class=\"e-gallery-image elementor-gallery-item__image\" data-thumbnail=\"https:\/\/foliedujour.com\/wp-content\/uploads\/2024\/02\/Belier2-768x960.jpg\" data-width=\"768\" data-height=\"960\" aria-label=\"\" role=\"img\" ><\/div>\n\t\t\t\t\t\t\t\t\t\t\t<div class=\"elementor-gallery-item__overlay\"><\/div>\n\t\t\t\t\t\t\t\t\t\t\t\t\t\t<\/a>\n\t\t\t\t\t\t\t<a class=\"e-gallery-item elementor-gallery-item elementor-animated-content\" href=\"https:\/\/foliedujour.com\/wp-content\/uploads\/2024\/02\/Cancer2-scaled-e1708857449634.jpg\" data-elementor-open-lightbox=\"yes\" data-elementor-lightbox-slideshow=\"f97d2e2\" data-elementor-lightbox-title=\"Cancer Zodiac\" data-e-action-hash=\"#elementor-action%3Aaction%3Dlightbox%26settings%3DeyJpZCI6ODYwLCJ1cmwiOiJodHRwczpcL1wvZm9saWVkdWpvdXIuY29tXC93cC1jb250ZW50XC91cGxvYWRzXC8yMDI0XC8wMlwvQ2FuY2VyMi1zY2FsZWQtZTE3MDg4NTc0NDk2MzQuanBnIiwic2xpZGVzaG93IjoiZjk3ZDJlMiJ9\">\n\t\t\t\t\t<div class=\"e-gallery-image elementor-gallery-item__image\" data-thumbnail=\"https:\/\/foliedujour.com\/wp-content\/uploads\/2024\/02\/Cancer2-768x960.jpg\" data-width=\"768\" data-height=\"960\" aria-label=\"\" role=\"img\" ><\/div>\n\t\t\t\t\t\t\t\t\t\t\t<div class=\"elementor-gallery-item__overlay\"><\/div>\n\t\t\t\t\t\t\t\t\t\t\t\t\t\t<\/a>\n\t\t\t\t\t\t\t<a class=\"e-gallery-item elementor-gallery-item elementor-animated-content\" href=\"https:\/\/foliedujour.com\/wp-content\/uploads\/2024\/02\/Capricorne2-scaled-e1708857436859.jpg\" data-elementor-open-lightbox=\"yes\" data-elementor-lightbox-slideshow=\"f97d2e2\" data-elementor-lightbox-title=\"Capricorn Zodiac\" data-e-action-hash=\"#elementor-action%3Aaction%3Dlightbox%26settings%3DeyJpZCI6ODYxLCJ1cmwiOiJodHRwczpcL1wvZm9saWVkdWpvdXIuY29tXC93cC1jb250ZW50XC91cGxvYWRzXC8yMDI0XC8wMlwvQ2Fwcmljb3JuZTItc2NhbGVkLWUxNzA4ODU3NDM2ODU5LmpwZyIsInNsaWRlc2hvdyI6ImY5N2QyZTIifQ%3D%3D\">\n\t\t\t\t\t<div class=\"e-gallery-image elementor-gallery-item__image\" data-thumbnail=\"https:\/\/foliedujour.com\/wp-content\/uploads\/2024\/02\/Capricorne2-768x960.jpg\" data-width=\"768\" data-height=\"960\" aria-label=\"\" role=\"img\" ><\/div>\n\t\t\t\t\t\t\t\t\t\t\t<div class=\"elementor-gallery-item__overlay\"><\/div>\n\t\t\t\t\t\t\t\t\t\t\t\t\t\t<\/a>\n\t\t\t\t\t\t\t<a class=\"e-gallery-item elementor-gallery-item elementor-animated-content\" href=\"https:\/\/foliedujour.com\/wp-content\/uploads\/2024\/02\/Gemeaux2-scaled-e1708857426838.jpg\" data-elementor-open-lightbox=\"yes\" data-elementor-lightbox-slideshow=\"f97d2e2\" data-elementor-lightbox-title=\"Gemini Zodiac\" data-e-action-hash=\"#elementor-action%3Aaction%3Dlightbox%26settings%3DeyJpZCI6ODYyLCJ1cmwiOiJodHRwczpcL1wvZm9saWVkdWpvdXIuY29tXC93cC1jb250ZW50XC91cGxvYWRzXC8yMDI0XC8wMlwvR2VtZWF1eDItc2NhbGVkLWUxNzA4ODU3NDI2ODM4LmpwZyIsInNsaWRlc2hvdyI6ImY5N2QyZTIifQ%3D%3D\">\n\t\t\t\t\t<div class=\"e-gallery-image elementor-gallery-item__image\" data-thumbnail=\"https:\/\/foliedujour.com\/wp-content\/uploads\/2024\/02\/Gemeaux2-768x960.jpg\" data-width=\"768\" data-height=\"960\" aria-label=\"\" role=\"img\" ><\/div>\n\t\t\t\t\t\t\t\t\t\t\t<div class=\"elementor-gallery-item__overlay\"><\/div>\n\t\t\t\t\t\t\t\t\t\t\t\t\t\t<\/a>\n\t\t\t\t\t\t\t<a class=\"e-gallery-item elementor-gallery-item elementor-animated-content\" href=\"https:\/\/foliedujour.com\/wp-content\/uploads\/2024\/02\/Lion2-scaled-e1708857416260.jpg\" data-elementor-open-lightbox=\"yes\" data-elementor-lightbox-slideshow=\"f97d2e2\" data-elementor-lightbox-title=\"Leo Zodiac\" data-e-action-hash=\"#elementor-action%3Aaction%3Dlightbox%26settings%3DeyJpZCI6ODYzLCJ1cmwiOiJodHRwczpcL1wvZm9saWVkdWpvdXIuY29tXC93cC1jb250ZW50XC91cGxvYWRzXC8yMDI0XC8wMlwvTGlvbjItc2NhbGVkLWUxNzA4ODU3NDE2MjYwLmpwZyIsInNsaWRlc2hvdyI6ImY5N2QyZTIifQ%3D%3D\">\n\t\t\t\t\t<div class=\"e-gallery-image elementor-gallery-item__image\" data-thumbnail=\"https:\/\/foliedujour.com\/wp-content\/uploads\/2024\/02\/Lion2-768x960.jpg\" data-width=\"768\" data-height=\"960\" aria-label=\"\" role=\"img\" ><\/div>\n\t\t\t\t\t\t\t\t\t\t\t<div class=\"elementor-gallery-item__overlay\"><\/div>\n\t\t\t\t\t\t\t\t\t\t\t\t\t\t<\/a>\n\t\t\t\t\t\t\t<a class=\"e-gallery-item elementor-gallery-item elementor-animated-content\" href=\"https:\/\/foliedujour.com\/wp-content\/uploads\/2024\/02\/Poissons2-1-scaled-e1708857404223.jpg\" data-elementor-open-lightbox=\"yes\" data-elementor-lightbox-slideshow=\"f97d2e2\" data-elementor-lightbox-title=\"Pisces Zodiac\" data-e-action-hash=\"#elementor-action%3Aaction%3Dlightbox%26settings%3DeyJpZCI6ODY0LCJ1cmwiOiJodHRwczpcL1wvZm9saWVkdWpvdXIuY29tXC93cC1jb250ZW50XC91cGxvYWRzXC8yMDI0XC8wMlwvUG9pc3NvbnMyLTEtc2NhbGVkLWUxNzA4ODU3NDA0MjIzLmpwZyIsInNsaWRlc2hvdyI6ImY5N2QyZTIifQ%3D%3D\">\n\t\t\t\t\t<div class=\"e-gallery-image elementor-gallery-item__image\" data-thumbnail=\"https:\/\/foliedujour.com\/wp-content\/uploads\/2024\/02\/Poissons2-1-768x960.jpg\" data-width=\"768\" data-height=\"960\" aria-label=\"\" role=\"img\" ><\/div>\n\t\t\t\t\t\t\t\t\t\t\t<div class=\"elementor-gallery-item__overlay\"><\/div>\n\t\t\t\t\t\t\t\t\t\t\t\t\t\t<\/a>\n\t\t\t\t\t\t\t<a class=\"e-gallery-item elementor-gallery-item elementor-animated-content\" href=\"https:\/\/foliedujour.com\/wp-content\/uploads\/2024\/02\/Sagittaire2-scaled-e1708857391905.jpg\" data-elementor-open-lightbox=\"yes\" data-elementor-lightbox-slideshow=\"f97d2e2\" data-elementor-lightbox-title=\"Sagittarius Zodiac\" data-e-action-hash=\"#elementor-action%3Aaction%3Dlightbox%26settings%3DeyJpZCI6ODY1LCJ1cmwiOiJodHRwczpcL1wvZm9saWVkdWpvdXIuY29tXC93cC1jb250ZW50XC91cGxvYWRzXC8yMDI0XC8wMlwvU2FnaXR0YWlyZTItc2NhbGVkLWUxNzA4ODU3MzkxOTA1LmpwZyIsInNsaWRlc2hvdyI6ImY5N2QyZTIifQ%3D%3D\">\n\t\t\t\t\t<div class=\"e-gallery-image elementor-gallery-item__image\" data-thumbnail=\"https:\/\/foliedujour.com\/wp-content\/uploads\/2024\/02\/Sagittaire2-768x960.jpg\" data-width=\"768\" data-height=\"960\" aria-label=\"\" role=\"img\" ><\/div>\n\t\t\t\t\t\t\t\t\t\t\t<div class=\"elementor-gallery-item__overlay\"><\/div>\n\t\t\t\t\t\t\t\t\t\t\t\t\t\t<\/a>\n\t\t\t\t\t\t\t<a class=\"e-gallery-item elementor-gallery-item elementor-animated-content\" href=\"https:\/\/foliedujour.com\/wp-content\/uploads\/2024\/02\/Scorpion2-scaled-e1708857379130.jpg\" data-elementor-open-lightbox=\"yes\" data-elementor-lightbox-slideshow=\"f97d2e2\" data-elementor-lightbox-title=\"Scorpio Zodiac\" data-e-action-hash=\"#elementor-action%3Aaction%3Dlightbox%26settings%3DeyJpZCI6ODY2LCJ1cmwiOiJodHRwczpcL1wvZm9saWVkdWpvdXIuY29tXC93cC1jb250ZW50XC91cGxvYWRzXC8yMDI0XC8wMlwvU2NvcnBpb24yLXNjYWxlZC1lMTcwODg1NzM3OTEzMC5qcGciLCJzbGlkZXNob3ciOiJmOTdkMmUyIn0%3D\">\n\t\t\t\t\t<div class=\"e-gallery-image elementor-gallery-item__image\" data-thumbnail=\"https:\/\/foliedujour.com\/wp-content\/uploads\/2024\/02\/Scorpion2-768x960.jpg\" data-width=\"768\" data-height=\"960\" aria-label=\"\" role=\"img\" ><\/div>\n\t\t\t\t\t\t\t\t\t\t\t<div class=\"elementor-gallery-item__overlay\"><\/div>\n\t\t\t\t\t\t\t\t\t\t\t\t\t\t<\/a>\n\t\t\t\t\t\t\t<a class=\"e-gallery-item elementor-gallery-item elementor-animated-content\" href=\"https:\/\/foliedujour.com\/wp-content\/uploads\/2024\/02\/Taureau2-scaled-e1708857369473.jpg\" data-elementor-open-lightbox=\"yes\" data-elementor-lightbox-slideshow=\"f97d2e2\" data-elementor-lightbox-title=\"Taurus Zodiac\" data-e-action-hash=\"#elementor-action%3Aaction%3Dlightbox%26settings%3DeyJpZCI6ODY3LCJ1cmwiOiJodHRwczpcL1wvZm9saWVkdWpvdXIuY29tXC93cC1jb250ZW50XC91cGxvYWRzXC8yMDI0XC8wMlwvVGF1cmVhdTItc2NhbGVkLWUxNzA4ODU3MzY5NDczLmpwZyIsInNsaWRlc2hvdyI6ImY5N2QyZTIifQ%3D%3D\">\n\t\t\t\t\t<div class=\"e-gallery-image elementor-gallery-item__image\" data-thumbnail=\"https:\/\/foliedujour.com\/wp-content\/uploads\/2024\/02\/Taureau2-768x960.jpg\" data-width=\"768\" data-height=\"960\" aria-label=\"\" role=\"img\" ><\/div>\n\t\t\t\t\t\t\t\t\t\t\t<div class=\"elementor-gallery-item__overlay\"><\/div>\n\t\t\t\t\t\t\t\t\t\t\t\t\t\t<\/a>\n\t\t\t\t\t\t\t<a class=\"e-gallery-item elementor-gallery-item elementor-animated-content\" href=\"https:\/\/foliedujour.com\/wp-content\/uploads\/2024\/02\/Verseau2-scaled-e1708857358351.jpg\" data-elementor-open-lightbox=\"yes\" data-elementor-lightbox-slideshow=\"f97d2e2\" data-elementor-lightbox-title=\"Aquarius Zodiac\" data-e-action-hash=\"#elementor-action%3Aaction%3Dlightbox%26settings%3DeyJpZCI6ODY4LCJ1cmwiOiJodHRwczpcL1wvZm9saWVkdWpvdXIuY29tXC93cC1jb250ZW50XC91cGxvYWRzXC8yMDI0XC8wMlwvVmVyc2VhdTItc2NhbGVkLWUxNzA4ODU3MzU4MzUxLmpwZyIsInNsaWRlc2hvdyI6ImY5N2QyZTIifQ%3D%3D\">\n\t\t\t\t\t<div class=\"e-gallery-image elementor-gallery-item__image\" data-thumbnail=\"https:\/\/foliedujour.com\/wp-content\/uploads\/2024\/02\/Verseau2-768x960.jpg\" data-width=\"768\" data-height=\"960\" aria-label=\"\" role=\"img\" ><\/div>\n\t\t\t\t\t\t\t\t\t\t\t<div class=\"elementor-gallery-item__overlay\"><\/div>\n\t\t\t\t\t\t\t\t\t\t\t\t\t\t<\/a>\n\t\t\t\t\t\t\t<a class=\"e-gallery-item elementor-gallery-item elementor-animated-content\" href=\"https:\/\/foliedujour.com\/wp-content\/uploads\/2024\/02\/Vierge3-scaled-e1708870988875.jpg\" data-elementor-open-lightbox=\"yes\" data-elementor-lightbox-slideshow=\"f97d2e2\" data-elementor-lightbox-title=\"Virgo Zodiac\" data-e-action-hash=\"#elementor-action%3Aaction%3Dlightbox%26settings%3DeyJpZCI6ODkzLCJ1cmwiOiJodHRwczpcL1wvZm9saWVkdWpvdXIuY29tXC93cC1jb250ZW50XC91cGxvYWRzXC8yMDI0XC8wMlwvVmllcmdlMy1zY2FsZWQtZTE3MDg4NzA5ODg4NzUuanBnIiwic2xpZGVzaG93IjoiZjk3ZDJlMiJ9\">\n\t\t\t\t\t<div class=\"e-gallery-image elementor-gallery-item__image\" data-thumbnail=\"https:\/\/foliedujour.com\/wp-content\/uploads\/2024\/02\/Vierge3-768x960.jpg\" data-width=\"768\" data-height=\"960\" aria-label=\"Virgo Zodiac\" role=\"img\" ><\/div>\n\t\t\t\t\t\t\t\t\t\t\t<div class=\"elementor-gallery-item__overlay\"><\/div>\n\t\t\t\t\t\t\t\t\t\t\t\t\t\t<\/a>\n\t\t\t\t\t<\/div>\n\t\t\t\t\t<\/div>\n\t\t\t\t<\/div>\n\t\t\t\t\t<\/div>\n\t\t<\/div>\n\t\t\t\t\t<\/div>\n\t\t<\/section>\n\t\t\t\t<section class=\"elementor-section elementor-top-section elementor-element elementor-element-c055cef elementor-section-boxed elementor-section-height-default elementor-section-height-default\" data-id=\"c055cef\" data-element_type=\"section\" data-e-type=\"section\">\n\t\t\t\t\t\t<div class=\"elementor-container elementor-column-gap-default\">\n\t\t\t\t\t<div class=\"elementor-column elementor-col-100 elementor-top-column elementor-element elementor-element-b74e612\" data-id=\"b74e612\" data-element_type=\"column\" data-e-type=\"column\">\n\t\t\t<div class=\"elementor-widget-wrap elementor-element-populated\">\n\t\t\t\t\t\t<div class=\"elementor-element elementor-element-6cea4b6 elementor-post-navigation-borders-yes elementor-widget elementor-widget-post-navigation\" data-id=\"6cea4b6\" data-element_type=\"widget\" data-e-type=\"widget\" data-widget_type=\"post-navigation.default\">\n\t\t\t\t<div class=\"elementor-widget-container\">\n\t\t\t\t\t\t\t<div class=\"elementor-post-navigation\" role=\"navigation\" aria-label=\"Post Navigation\">\n\t\t\t<div class=\"elementor-post-navigation__prev elementor-post-navigation__link\">\n\t\t\t\t<a href=\"https:\/\/foliedujour.com\/en\/portraits-danimaux\/\" rel=\"prev\"><span class=\"post-navigation__arrow-wrapper post-navigation__arrow-prev\"><i aria-hidden=\"true\" class=\"fas fa-angle-left\"><\/i><span class=\"elementor-screen-only\">Prev<\/span><\/span><span class=\"elementor-post-navigation__link__prev\"><span class=\"post-navigation__prev--title\">Portraits d&rsquo;animaux<\/span><\/span><\/a>\t\t\t<\/div>\n\t\t\t\t\t\t\t<div class=\"elementor-post-navigation__separator-wrapper\">\n\t\t\t\t\t<div class=\"elementor-post-navigation__separator\"><\/div>\n\t\t\t\t<\/div>\n\t\t\t\t\t\t<div class=\"elementor-post-navigation__next elementor-post-navigation__link\">\n\t\t\t\t<a href=\"https:\/\/foliedujour.com\/en\/culture-japonaise\/\" rel=\"next\"><span class=\"elementor-post-navigation__link__next\"><span class=\"post-navigation__next--title\">Japanese culture<\/span><\/span><span class=\"post-navigation__arrow-wrapper post-navigation__arrow-next\"><i aria-hidden=\"true\" class=\"fas fa-angle-right\"><\/i><span class=\"elementor-screen-only\">Next<\/span><\/span><\/a>\t\t\t<\/div>\n\t\t<\/div>\n\t\t\t\t\t\t<\/div>\n\t\t\t\t<\/div>\n\t\t\t\t\t<\/div>\n\t\t<\/div>\n\t\t\t\t\t<\/div>\n\t\t<\/section>\n\t\t\t\t<\/div>","protected":false},"excerpt":{"rendered":"<p>Chat astrologie 2024 S\u00e9rie des 12 signes du zodiaque repr\u00e9sent\u00e9s par des chats mignons<\/p>","protected":false},"author":1,"featured_media":1609,"parent":0,"menu_order":0,"comment_status":"closed","ping_status":"closed","template":"","meta":{"footnotes":""},"class_list":["post-849","page","type-page","status-publish","has-post-thumbnail","hentry"],"_links":{"self":[{"href":"https:\/\/foliedujour.com\/en\/wp-json\/wp\/v2\/pages\/849","targetHints":{"allow":["GET"]}}],"collection":[{"href":"https:\/\/foliedujour.com\/en\/wp-json\/wp\/v2\/pages"}],"about":[{"href":"https:\/\/foliedujour.com\/en\/wp-json\/wp\/v2\/types\/page"}],"author":[{"embeddable":true,"href":"https:\/\/foliedujour.com\/en\/wp-json\/wp\/v2\/users\/1"}],"replies":[{"embeddable":true,"href":"https:\/\/foliedujour.com\/en\/wp-json\/wp\/v2\/comments?post=849"}],"version-history":[{"count":28,"href":"https:\/\/foliedujour.com\/en\/wp-json\/wp\/v2\/pages\/849\/revisions"}],"predecessor-version":[{"id":1201,"href":"https:\/\/foliedujour.com\/en\/wp-json\/wp\/v2\/pages\/849\/revisions\/1201"}],"wp:featuredmedia":[{"embeddable":true,"href":"https:\/\/foliedujour.com\/en\/wp-json\/wp\/v2\/media\/1609"}],"wp:attachment":[{"href":"https:\/\/foliedujour.com\/en\/wp-json\/wp\/v2\/media?parent=849"}],"curies":[{"name":"wp","href":"https:\/\/api.w.org\/{rel}","templated":true}]}}