{"id":898,"date":"2024-02-28T10:35:32","date_gmt":"2024-02-28T10:35:32","guid":{"rendered":"https:\/\/foliedujour.com\/?page_id=898"},"modified":"2025-12-05T10:32:19","modified_gmt":"2025-12-05T10:32:19","slug":"portraits-danimaux","status":"publish","type":"page","link":"https:\/\/foliedujour.com\/en\/portraits-danimaux\/","title":{"rendered":"Portraits d&rsquo;animaux"},"content":{"rendered":"<div data-elementor-type=\"wp-page\" data-elementor-id=\"898\" class=\"elementor elementor-898\" data-elementor-post-type=\"page\">\n\t\t\t\t\t\t<section class=\"elementor-section elementor-top-section elementor-element elementor-element-d735c7e elementor-section-boxed elementor-section-height-default elementor-section-height-default\" data-id=\"d735c7e\" data-element_type=\"section\" data-e-type=\"section\">\n\t\t\t\t\t\t<div class=\"elementor-container elementor-column-gap-default\">\n\t\t\t\t\t<div class=\"elementor-column elementor-col-100 elementor-top-column elementor-element elementor-element-a0c8173\" data-id=\"a0c8173\" data-element_type=\"column\" data-e-type=\"column\">\n\t\t\t<div class=\"elementor-widget-wrap elementor-element-populated\">\n\t\t\t\t\t\t<div class=\"elementor-element elementor-element-3a569ce elementor-widget elementor-widget-spacer\" data-id=\"3a569ce\" data-element_type=\"widget\" data-e-type=\"widget\" data-widget_type=\"spacer.default\">\n\t\t\t\t<div class=\"elementor-widget-container\">\n\t\t\t\t\t\t\t<div class=\"elementor-spacer\">\n\t\t\t<div class=\"elementor-spacer-inner\"><\/div>\n\t\t<\/div>\n\t\t\t\t\t\t<\/div>\n\t\t\t\t<\/div>\n\t\t\t\t<div class=\"elementor-element elementor-element-9d7fadf elementor-widget elementor-widget-heading\" data-id=\"9d7fadf\" data-element_type=\"widget\" data-e-type=\"widget\" data-widget_type=\"heading.default\">\n\t\t\t\t<div class=\"elementor-widget-container\">\n\t\t\t\t\t<h2 class=\"elementor-heading-title elementor-size-default\">Pet portraits<\/h2>\t\t\t\t<\/div>\n\t\t\t\t<\/div>\n\t\t\t\t\t<\/div>\n\t\t<\/div>\n\t\t\t\t\t<\/div>\n\t\t<\/section>\n\t\t\t\t<section class=\"elementor-section elementor-top-section elementor-element elementor-element-6f46c2c elementor-section-boxed elementor-section-height-default elementor-section-height-default\" data-id=\"6f46c2c\" data-element_type=\"section\" data-e-type=\"section\">\n\t\t\t\t\t\t<div class=\"elementor-container elementor-column-gap-default\">\n\t\t\t\t\t<div class=\"elementor-column elementor-col-100 elementor-top-column elementor-element elementor-element-79e6f02\" data-id=\"79e6f02\" data-element_type=\"column\" data-e-type=\"column\">\n\t\t\t<div class=\"elementor-widget-wrap elementor-element-populated\">\n\t\t\t\t\t\t<div class=\"elementor-element elementor-element-efc3f7c elementor-widget__width-initial elementor-widget elementor-widget-text-editor\" data-id=\"efc3f7c\" data-element_type=\"widget\" data-e-type=\"widget\" data-widget_type=\"text-editor.default\">\n\t\t\t\t<div class=\"elementor-widget-container\">\n\t\t\t\t\t\t\t\t\t<p><span style=\"color: #0d0d0d; font-family: S\u00f6hne, ui-sans-serif, system-ui, -apple-system, 'Segoe UI', Roboto, Ubuntu, Cantarell, 'Noto Sans', sans-serif, 'Helvetica Neue', Arial, 'Apple Color Emoji', 'Segoe UI Emoji', 'Segoe UI Symbol', 'Noto Color Emoji'; text-align: start; white-space-collapse: preserve;\">As an independent pet portraits artist, I have produced nearly 5,000 pet portraits for individuals, which has allowed me to develop my own style, explore different techniques and meet the varied expectations of my clients.\n\nWorking as a freelancer taught me to be independent, organized and responsive. I am used to managing several projects simultaneously, while respecting deadlines. The satisfaction of my customers is my top priority, and I always strive to exceed their expectations by offering them unique and personalized creations.<\/span><\/p>\t\t\t\t\t\t\t\t<\/div>\n\t\t\t\t<\/div>\n\t\t\t\t\t<\/div>\n\t\t<\/div>\n\t\t\t\t\t<\/div>\n\t\t<\/section>\n\t\t\t\t<section class=\"elementor-section elementor-top-section elementor-element elementor-element-4d06102 elementor-section-boxed elementor-section-height-default elementor-section-height-default\" data-id=\"4d06102\" data-element_type=\"section\" data-e-type=\"section\">\n\t\t\t\t\t\t<div class=\"elementor-container elementor-column-gap-default\">\n\t\t\t\t\t<div class=\"elementor-column elementor-col-100 elementor-top-column elementor-element elementor-element-4485332\" data-id=\"4485332\" data-element_type=\"column\" data-e-type=\"column\">\n\t\t\t<div class=\"elementor-widget-wrap elementor-element-populated\">\n\t\t\t\t\t\t<div class=\"elementor-element elementor-element-132bbf8 elementor-widget elementor-widget-gallery\" data-id=\"132bbf8\" data-element_type=\"widget\" data-e-type=\"widget\" data-settings=\"{&quot;gallery_layout&quot;:&quot;masonry&quot;,&quot;columns&quot;:3,&quot;lazyload&quot;:&quot;yes&quot;,&quot;columns_tablet&quot;:2,&quot;columns_mobile&quot;:1,&quot;gap&quot;:{&quot;unit&quot;:&quot;px&quot;,&quot;size&quot;:10,&quot;sizes&quot;:[]},&quot;gap_tablet&quot;:{&quot;unit&quot;:&quot;px&quot;,&quot;size&quot;:10,&quot;sizes&quot;:[]},&quot;gap_mobile&quot;:{&quot;unit&quot;:&quot;px&quot;,&quot;size&quot;:10,&quot;sizes&quot;:[]},&quot;link_to&quot;:&quot;file&quot;,&quot;overlay_background&quot;:&quot;yes&quot;,&quot;content_hover_animation&quot;:&quot;fade-in&quot;}\" data-widget_type=\"gallery.default\">\n\t\t\t\t<div class=\"elementor-widget-container\">\n\t\t\t\t\t\t\t<div class=\"elementor-gallery__container\">\n\t\t\t\t\t\t\t<a class=\"e-gallery-item elementor-gallery-item elementor-animated-content\" href=\"https:\/\/foliedujour.com\/wp-content\/uploads\/2024\/03\/Chat3-scaled-e1711300332904.jpg\" data-elementor-open-lightbox=\"yes\" data-elementor-lightbox-slideshow=\"132bbf8\" data-elementor-lightbox-title=\"Illustration sans titre\" data-e-action-hash=\"#elementor-action%3Aaction%3Dlightbox%26settings%3DeyJpZCI6MTI2OCwidXJsIjoiaHR0cHM6XC9cL2ZvbGllZHVqb3VyLmNvbVwvd3AtY29udGVudFwvdXBsb2Fkc1wvMjAyNFwvMDNcL0NoYXQzLXNjYWxlZC1lMTcxMTMwMDMzMjkwNC5qcGciLCJzbGlkZXNob3ciOiIxMzJiYmY4In0%3D\">\n\t\t\t\t\t<div class=\"e-gallery-image elementor-gallery-item__image\" data-thumbnail=\"https:\/\/foliedujour.com\/wp-content\/uploads\/2024\/03\/Chat3-768x1024.jpg\" data-width=\"768\" data-height=\"1024\" aria-label=\"\" role=\"img\" ><\/div>\n\t\t\t\t\t\t\t\t\t\t\t<div class=\"elementor-gallery-item__overlay\"><\/div>\n\t\t\t\t\t\t\t\t\t\t\t\t\t\t<\/a>\n\t\t\t\t\t\t\t<a class=\"e-gallery-item elementor-gallery-item elementor-animated-content\" href=\"https:\/\/foliedujour.com\/wp-content\/uploads\/2024\/03\/Portrait_Chat_Trois_Couleurs-scaled-e1709635355626.jpg\" data-elementor-open-lightbox=\"yes\" data-elementor-lightbox-slideshow=\"132bbf8\" data-elementor-lightbox-title=\"Portrait_Chat_Trois_Couleurs\" data-e-action-hash=\"#elementor-action%3Aaction%3Dlightbox%26settings%3DeyJpZCI6OTAyLCJ1cmwiOiJodHRwczpcL1wvZm9saWVkdWpvdXIuY29tXC93cC1jb250ZW50XC91cGxvYWRzXC8yMDI0XC8wM1wvUG9ydHJhaXRfQ2hhdF9Ucm9pc19Db3VsZXVycy1zY2FsZWQtZTE3MDk2MzUzNTU2MjYuanBnIiwic2xpZGVzaG93IjoiMTMyYmJmOCJ9\">\n\t\t\t\t\t<div class=\"e-gallery-image elementor-gallery-item__image\" data-thumbnail=\"https:\/\/foliedujour.com\/wp-content\/uploads\/2024\/03\/Portrait_Chat_Trois_Couleurs-768x1024.jpg\" data-width=\"768\" data-height=\"1024\" aria-label=\"\" role=\"img\" ><\/div>\n\t\t\t\t\t\t\t\t\t\t\t<div class=\"elementor-gallery-item__overlay\"><\/div>\n\t\t\t\t\t\t\t\t\t\t\t\t\t\t<\/a>\n\t\t\t\t\t\t\t<a class=\"e-gallery-item elementor-gallery-item elementor-animated-content\" href=\"https:\/\/foliedujour.com\/wp-content\/uploads\/2024\/03\/Portrait_Chat_Tigree_-scaled.jpg\" data-elementor-open-lightbox=\"yes\" data-elementor-lightbox-slideshow=\"132bbf8\" data-elementor-lightbox-title=\"Portrait_Chat_Tigre\u0301e_\" data-e-action-hash=\"#elementor-action%3Aaction%3Dlightbox%26settings%3DeyJpZCI6OTAxLCJ1cmwiOiJodHRwczpcL1wvZm9saWVkdWpvdXIuY29tXC93cC1jb250ZW50XC91cGxvYWRzXC8yMDI0XC8wM1wvUG9ydHJhaXRfQ2hhdF9UaWdyZWVfLXNjYWxlZC5qcGciLCJzbGlkZXNob3ciOiIxMzJiYmY4In0%3D\">\n\t\t\t\t\t<div class=\"e-gallery-image elementor-gallery-item__image\" data-thumbnail=\"https:\/\/foliedujour.com\/wp-content\/uploads\/2024\/03\/Portrait_Chat_Tigree_-768x1024.jpg\" data-width=\"768\" data-height=\"1024\" aria-label=\"\" role=\"img\" ><\/div>\n\t\t\t\t\t\t\t\t\t\t\t<div class=\"elementor-gallery-item__overlay\"><\/div>\n\t\t\t\t\t\t\t\t\t\t\t\t\t\t<\/a>\n\t\t\t\t\t\t\t<a class=\"e-gallery-item elementor-gallery-item elementor-animated-content\" href=\"https:\/\/foliedujour.com\/wp-content\/uploads\/2025\/08\/poster-decor-chat7-scaled.webp\" data-elementor-open-lightbox=\"yes\" data-elementor-lightbox-slideshow=\"132bbf8\" data-elementor-lightbox-title=\"Portrait de chat personnalis\u00e9\" data-e-action-hash=\"#elementor-action%3Aaction%3Dlightbox%26settings%3DeyJpZCI6MTQ3MCwidXJsIjoiaHR0cHM6XC9cL2ZvbGllZHVqb3VyLmNvbVwvd3AtY29udGVudFwvdXBsb2Fkc1wvMjAyNVwvMDhcL3Bvc3Rlci1kZWNvci1jaGF0Ny1zY2FsZWQud2VicCIsInNsaWRlc2hvdyI6IjEzMmJiZjgifQ%3D%3D\">\n\t\t\t\t\t<div class=\"e-gallery-image elementor-gallery-item__image\" data-thumbnail=\"https:\/\/foliedujour.com\/wp-content\/uploads\/2025\/08\/poster-decor-chat7-768x512.webp\" data-width=\"768\" data-height=\"512\" aria-label=\"\" role=\"img\" ><\/div>\n\t\t\t\t\t\t\t\t\t\t\t<div class=\"elementor-gallery-item__overlay\"><\/div>\n\t\t\t\t\t\t\t\t\t\t\t\t\t\t<\/a>\n\t\t\t\t\t\t\t<a class=\"e-gallery-item elementor-gallery-item elementor-animated-content\" href=\"https:\/\/foliedujour.com\/wp-content\/uploads\/2025\/08\/poster-decor-chat11.webp\" data-elementor-open-lightbox=\"yes\" data-elementor-lightbox-slideshow=\"132bbf8\" data-elementor-lightbox-title=\"Portrait de chat personnalis\u00e9\" data-e-action-hash=\"#elementor-action%3Aaction%3Dlightbox%26settings%3DeyJpZCI6MTQ3MSwidXJsIjoiaHR0cHM6XC9cL2ZvbGllZHVqb3VyLmNvbVwvd3AtY29udGVudFwvdXBsb2Fkc1wvMjAyNVwvMDhcL3Bvc3Rlci1kZWNvci1jaGF0MTEud2VicCIsInNsaWRlc2hvdyI6IjEzMmJiZjgifQ%3D%3D\">\n\t\t\t\t\t<div class=\"e-gallery-image elementor-gallery-item__image\" data-thumbnail=\"https:\/\/foliedujour.com\/wp-content\/uploads\/2025\/08\/poster-decor-chat11-768x768.jpg\" data-width=\"768\" data-height=\"768\" aria-label=\"\" role=\"img\" ><\/div>\n\t\t\t\t\t\t\t\t\t\t\t<div class=\"elementor-gallery-item__overlay\"><\/div>\n\t\t\t\t\t\t\t\t\t\t\t\t\t\t<\/a>\n\t\t\t\t\t\t\t<a class=\"e-gallery-item elementor-gallery-item elementor-animated-content\" href=\"https:\/\/foliedujour.com\/wp-content\/uploads\/2025\/08\/poster-decor-chat6-scaled.webp\" data-elementor-open-lightbox=\"yes\" data-elementor-lightbox-slideshow=\"132bbf8\" data-elementor-lightbox-title=\"Portrait de chat personnalis\u00e9\" data-e-action-hash=\"#elementor-action%3Aaction%3Dlightbox%26settings%3DeyJpZCI6MTQ2OSwidXJsIjoiaHR0cHM6XC9cL2ZvbGllZHVqb3VyLmNvbVwvd3AtY29udGVudFwvdXBsb2Fkc1wvMjAyNVwvMDhcL3Bvc3Rlci1kZWNvci1jaGF0Ni1zY2FsZWQud2VicCIsInNsaWRlc2hvdyI6IjEzMmJiZjgifQ%3D%3D\">\n\t\t\t\t\t<div class=\"e-gallery-image elementor-gallery-item__image\" data-thumbnail=\"https:\/\/foliedujour.com\/wp-content\/uploads\/2025\/08\/poster-decor-chat6-768x512.webp\" data-width=\"768\" data-height=\"512\" aria-label=\"\" role=\"img\" ><\/div>\n\t\t\t\t\t\t\t\t\t\t\t<div class=\"elementor-gallery-item__overlay\"><\/div>\n\t\t\t\t\t\t\t\t\t\t\t\t\t\t<\/a>\n\t\t\t\t\t\t\t<a class=\"e-gallery-item elementor-gallery-item elementor-animated-content\" href=\"https:\/\/foliedujour.com\/wp-content\/uploads\/2025\/08\/poster-decor-chat3-scaled.webp\" data-elementor-open-lightbox=\"yes\" data-elementor-lightbox-slideshow=\"132bbf8\" data-elementor-lightbox-title=\"Portrait de chat personnalis\u00e9\" data-e-action-hash=\"#elementor-action%3Aaction%3Dlightbox%26settings%3DeyJpZCI6MTQ2OCwidXJsIjoiaHR0cHM6XC9cL2ZvbGllZHVqb3VyLmNvbVwvd3AtY29udGVudFwvdXBsb2Fkc1wvMjAyNVwvMDhcL3Bvc3Rlci1kZWNvci1jaGF0My1zY2FsZWQud2VicCIsInNsaWRlc2hvdyI6IjEzMmJiZjgifQ%3D%3D\">\n\t\t\t\t\t<div class=\"e-gallery-image elementor-gallery-item__image\" data-thumbnail=\"https:\/\/foliedujour.com\/wp-content\/uploads\/2025\/08\/poster-decor-chat3-768x512.webp\" data-width=\"768\" data-height=\"512\" aria-label=\"\" role=\"img\" ><\/div>\n\t\t\t\t\t\t\t\t\t\t\t<div class=\"elementor-gallery-item__overlay\"><\/div>\n\t\t\t\t\t\t\t\t\t\t\t\t\t\t<\/a>\n\t\t\t\t\t<\/div>\n\t\t\t\t\t<\/div>\n\t\t\t\t<\/div>\n\t\t\t\t\t<\/div>\n\t\t<\/div>\n\t\t\t\t\t<\/div>\n\t\t<\/section>\n\t\t\t\t<\/div>","protected":false},"excerpt":{"rendered":"<p>Portraits d&rsquo;animaux Forte de sept ann\u00e9es d&rsquo;exp\u00e9rience en tant que portraitiste animali\u00e8re pour des particuliers, j&rsquo;ai d\u00e9velopp\u00e9 un style unique de portraits d&rsquo;animaux. Pendant cette p\u00e9riode, j&rsquo;ai r\u00e9alis\u00e9 pr\u00e8s de 5000 portraits d&rsquo;animaux, ce qui m&rsquo;a permis d&rsquo;affiner ma technique, d&rsquo;explorer diff\u00e9rents styles artistiques et de r\u00e9pondre aux attentes vari\u00e9es de mes clients.<\/p>","protected":false},"author":1,"featured_media":1753,"parent":0,"menu_order":0,"comment_status":"closed","ping_status":"closed","template":"","meta":{"footnotes":""},"class_list":["post-898","page","type-page","status-publish","has-post-thumbnail","hentry"],"_links":{"self":[{"href":"https:\/\/foliedujour.com\/en\/wp-json\/wp\/v2\/pages\/898","targetHints":{"allow":["GET"]}}],"collection":[{"href":"https:\/\/foliedujour.com\/en\/wp-json\/wp\/v2\/pages"}],"about":[{"href":"https:\/\/foliedujour.com\/en\/wp-json\/wp\/v2\/types\/page"}],"author":[{"embeddable":true,"href":"https:\/\/foliedujour.com\/en\/wp-json\/wp\/v2\/users\/1"}],"replies":[{"embeddable":true,"href":"https:\/\/foliedujour.com\/en\/wp-json\/wp\/v2\/comments?post=898"}],"version-history":[{"count":25,"href":"https:\/\/foliedujour.com\/en\/wp-json\/wp\/v2\/pages\/898\/revisions"}],"predecessor-version":[{"id":1592,"href":"https:\/\/foliedujour.com\/en\/wp-json\/wp\/v2\/pages\/898\/revisions\/1592"}],"wp:featuredmedia":[{"embeddable":true,"href":"https:\/\/foliedujour.com\/en\/wp-json\/wp\/v2\/media\/1753"}],"wp:attachment":[{"href":"https:\/\/foliedujour.com\/en\/wp-json\/wp\/v2\/media?parent=898"}],"curies":[{"name":"wp","href":"https:\/\/api.w.org\/{rel}","templated":true}]}}